{"id":1322,"date":"2022-07-27T06:45:53","date_gmt":"2022-07-27T06:45:53","guid":{"rendered":"https:\/\/global-reinsurance.com\/global-affinity\/"},"modified":"2022-07-27T06:53:21","modified_gmt":"2022-07-27T06:53:21","slug":"global-affinity","status":"publish","type":"page","link":"https:\/\/global-reinsurance.com\/es\/global-affinity\/","title":{"rendered":"GLOBAL AFFINITY"},"content":{"rendered":"\t<section class=\"section\" id=\"section_2042403049\">\n\t\t<div class=\"bg section-bg fill bg-fill bg-loaded bg-loaded\" >\n\n\t\t\t\n\t\t\t\n\t\t\t\n\n\t\t<\/div>\n\n\t\t<div class=\"section-content relative\">\n\t\t\t\n\t<div id=\"gap-394162003\" class=\"gap-element clearfix\" style=\"display:block; height:auto;\">\n\t\t\n<style>\n#gap-394162003 {\n  padding-top: 30px;\n}\n<\/style>\n\t<\/div>\n\t\n<div class=\"row\"  id=\"row-1455717715\">\n\n\t<div id=\"col-1106830814\" class=\"col medium-12 small-12 large-8\"  data-animate=\"fadeInLeft\">\n\t\t\t\t<div class=\"col-inner\"  >\n\t\t\t\n\t\t\t\n\n  <div class=\"banner has-hover\" id=\"banner-1627259059\">\n          <div class=\"banner-inner fill\">\n        <div class=\"banner-bg fill\" >\n            <div class=\"bg fill bg-fill bg-loaded\"><\/div>\n                                    \n                    <\/div>\n        <div class=\"banner-layers container\">\n            <div class=\"fill banner-link\"><\/div>            \n        <\/div>\n      <\/div>\n\n            \n<style>\n#banner-1627259059 {\n  padding-top: 300px;\n  background-color: rgba(255, 255, 255, 0);\n}\n#banner-1627259059 .bg.bg-loaded {\n  background-image: url(https:\/\/global-reinsurance.com\/wp-content\/uploads\/2022\/07\/Affinity.jpg);\n}\n@media (min-width:550px) {\n  #banner-1627259059 {\n    padding-top: 450px;\n  }\n}\n<\/style>\n  <\/div>\n\n\n\t\t<\/div>\n\t\t\t\t\t<\/div>\n\n\t\n<\/div>\n<div class=\"row align-right\"  id=\"row-1771552655\">\n\n\t<div id=\"col-1424770982\" class=\"col medium-12 small-12 large-6\"  data-animate=\"fadeInRight\">\n\t\t\t\t<div class=\"col-inner\" style=\"background-color:rgb(255, 255, 255);\" >\n\t\t\t\n\t\t\t\n<h2><span style=\"font-size: 150%;\">GLOBAL AFFINITY<\/span><\/h2>\n\t\t<\/div>\n\t\t\t\t\n<style>\n#col-1424770982 > .col-inner {\n  padding: 7% 8% 5% 8%;\n  margin: -50px 0 0px 0px;\n}\n@media (min-width:550px) {\n  #col-1424770982 > .col-inner {\n    padding: 6% 8% 5% 8%;\n  }\n}\n@media (min-width:850px) {\n  #col-1424770982 > .col-inner {\n    padding: 18% 8% 15% 8%;\n    margin: -240px 0px 0px 0px;\n  }\n}\n<\/style>\n\t<\/div>\n\n\t\n<\/div>\n\t\t<\/div>\n\n\t\t\n<style>\n#section_2042403049 {\n  padding-top: 30px;\n  padding-bottom: 30px;\n  background-color: rgb(245, 245, 245);\n}\n@media (min-width:550px) {\n  #section_2042403049 {\n    padding-top: 50px;\n    padding-bottom: 50px;\n  }\n}\n<\/style>\n\t<\/section>\n\t\n\t<section class=\"section\" id=\"section_1207701766\">\n\t\t<div class=\"bg section-bg fill bg-fill bg-loaded bg-loaded\" >\n\n\t\t\t\n\t\t\t\n\t\t\t\n\n\t\t<\/div>\n\n\t\t<div class=\"section-content relative\">\n\t\t\t\n<div class=\"row align-center\"  id=\"row-681537934\">\n\n\t<div id=\"col-73476454\" class=\"col medium-7 small-12 large-7\"  data-animate=\"fadeInUp\">\n\t\t\t\t<div class=\"col-inner text-left\"  >\n\t\t\t\n\t\t\t\n\t<div id=\"text-3117505179\" class=\"text\">\n\t\t\n<h2 style=\"text-align: left;\"><span style=\"color: #00305b;\"><span style=\"font-size: 150%;\">GLOBAL AFFINITY<\/span><span style=\"font-size: 150%;\"><br \/><\/span><strong><span style=\"font-size: 150%;\"><br \/><\/span><\/strong><\/span><\/h2>\n<p><span style=\"color: #00305b;\">Global Affinity se especializa en el desarrollo, la comercializaci\u00f3n y la administraci\u00f3n de programas de seguros\/ asistencias personalizadas y soluciones de mercado especializadas para organizaciones de afinidad y sus miembros o afiliados.<\/span><\/p>\n<p><span style=\"color: #00305b;\">Nuestro equipo de expertos est\u00e1 preparado para analizar sus necesidades y crear una soluci\u00f3n innovadora y rentable dise\u00f1ada para mejorar el valor de sus afiliados.<\/span><\/p>\n<p><span style=\"color: #00305b;\">Una ventaja clave de trabajar con Global Affinity es nuestra capacidad de acceder a m\u00e1s de 7 pa\u00edses, podemos introducir una gama completa de soluciones empresariales e implementarlas donde nuestros clientes las necesiten. <\/span><\/p>\n<p><strong><span style=\"color: #00305b;\"><br \/>\u00bfQu\u00e9 hacemos?<\/span><\/strong><\/p>\n<ul>\n<li style=\"text-align: left;\"><span style=\"color: #00305b;\"><strong> Creamos productos de seguros, asistencias a la medida de cada cliente.<\/strong><\/span><\/li>\n<li style=\"text-align: left;\"><span style=\"color: #00305b;\"><strong>Incorporamos buenas pr\u00e1cticas de nuestra experiencia internacional.<\/strong><\/span><\/li>\n<li style=\"text-align: left;\"><span style=\"color: #00305b;\"><strong>Innovamos seg\u00fan la din\u00e1mica del mercado local.<\/strong><\/span><\/li>\n<li style=\"text-align: left;\"><span style=\"color: #00305b;\"><strong>Brindamos soluci\u00f3n a necesidades reales.<\/strong><\/span><\/li>\n<li style=\"text-align: left;\"><span style=\"color: #00305b;\"><strong>Buscamos diferenciarnos por el servicio y la calidad.<\/strong><\/span><\/li>\n<\/ul>\n\t\t\n<style>\n#text-3117505179 {\n  line-height: 2;\n}\n<\/style>\n\t<\/div>\n\t\n\t<div id=\"text-854637034\" class=\"text hidden\">\n\t\t\n<h2 style=\"text-align: left;\"><strong><span style=\"font-size: 150%; color: #00305b;\">ACERCA DEL SEGURO DE GAS &amp; PETR\u00d3LEO: <br \/>CORRIENTE ARRIBA, CORRIENTE MEDIA, CORRIENTE ABAJO<br \/><\/span><\/strong><\/h2>\n<\/p>\n<ul>\n<li style=\"text-align: left;\"><strong><span class=\"color_20\" style=\"color: #00305b;\">Riesgos de Fuego<\/span><\/strong><\/li>\n<li style=\"text-align: left;\"><strong><span class=\"color_20\" style=\"color: #00305b;\">Riesgos Catastr\u00f3ficos<\/span><\/strong><\/li>\n<li style=\"text-align: left;\"><strong><span class=\"color_20\" style=\"color: #00305b;\">P\u00e9rdida de Ingresos<\/span><\/strong><\/li>\n<li style=\"text-align: left;\"><strong><span class=\"color_20\" style=\"color: #00305b;\">Equipos &amp; Maquinaria<\/span><\/strong><\/li>\n<li style=\"text-align: left;\"><strong><span class=\"color_20\" style=\"color: #00305b;\">Equipo Electr\u00f3nico<\/span><\/strong><\/li>\n<li><strong><span style=\"color: #00305b;\">Equipo de perforaci\u00f3n<\/span><\/strong><\/li>\n<li><strong><span style=\"color: #00305b;\">Control de Pozos<\/span><\/strong><\/li>\n<li><strong><span style=\"color: #00305b;\">Compensaci\u00f3n de Trabajadores<\/span><\/strong><\/li>\n<li><strong><span style=\"color: #00305b;\">Responsabilidad General Comercial<\/span><\/strong><\/li>\n<li><strong><span style=\"color: #00305b;\">Responsabilidad General de Paraguas<\/span><\/strong><\/li>\n<\/ul>\n\t\t\n<style>\n#text-854637034 {\n  line-height: 2;\n}\n<\/style>\n\t<\/div>\n\t\n\t<div id=\"text-3231703762\" class=\"text hidden\">\n\t\t\n<h2 style=\"text-align: left;\"><span style=\"font-size: 150%; color: #00305b;\">SEGURO DE PETR\u00d3LEO &amp; GAS<br \/><\/span><\/h2>\n<\/p>\n<ul>\n<li style=\"text-align: left;\"><span class=\"color_20\" style=\"color: #00305b;\"><strong>Fire all Risks:<\/strong> Covers damage to the property caused by the direct action of fire, damage caused by heat, smoke, steam, or the means used to extinguish or contain the fire, removal of debris, and removal of furniture irreversible damage of property, blast damage and lightning damage.<\/span><\/li>\n<li>\n<p class=\"font_8\"><span class=\"color_20\" style=\"color: #00305b;\"><strong>Catastrophic Risks: <\/strong>Risk that has its origin in extraordinary and improbable events but which, due to their magnitude, involve a high amount of the damage they cause. <\/span><\/p>\n<\/li>\n<li>\n<p class=\"font_8\"><span class=\"color_20\" style=\"color: #00305b;\"><strong>Loss of Profits: <\/strong>Loss of profit is the damage of a patrimonial nature. It consists of the potential profit that you obtain because of non-controlled or external reasons. <\/span><\/p>\n<\/li>\n<li>\n<p class=\"font_8\"><span class=\"color_20\" style=\"color: #00305b;\"><strong>Machinery &amp; Equipment: <\/strong>Fire and or lightning accidents that occur despite proper handling, as well as those that occur as a result of carelessness, inexperience, or negligence of the driver. Collision by moving or stationary objects, overturning, ground subsidence, landslide, and derailment. <\/span><\/p>\n<\/li>\n<li>\n<p class=\"font_8\"><span class=\"color_20\" style=\"color: #00305b;\"><strong>Electronic Equipment:<\/strong> Fire (with or without flame), the explosion of all kinds, direct lightning strike, fall of manned and unmanned aircraft. Damage from pipes, flood waters, floods, drains, thaw, and humidity.<\/span><\/p>\n<\/li>\n<\/ul>\n\t\t\n<style>\n#text-3231703762 {\n  line-height: 2;\n}\n<\/style>\n\t<\/div>\n\t\n\t\t<\/div>\n\t\t\t\t\t<\/div>\n\n\t\n<\/div>\n\t\t<\/div>\n\n\t\t\n<style>\n#section_1207701766 {\n  padding-top: 30px;\n  padding-bottom: 30px;\n  min-height: 300px;\n  background-color: rgb(245, 245, 245);\n}\n<\/style>\n\t<\/section>\n\t\n\t<section class=\"section\" id=\"section_2015815271\">\n\t\t<div class=\"bg section-bg fill bg-fill bg-loaded \" >\n\n\t\t\t\n\t\t\t\n\t\t\t\n\n\t\t<\/div>\n\n\t\t<div class=\"section-content relative\">\n\t\t\t\n\t<div id=\"gap-275510752\" class=\"gap-element clearfix\" style=\"display:block; height:auto;\">\n\t\t\n<style>\n#gap-275510752 {\n  padding-top: 30px;\n}\n<\/style>\n\t<\/div>\n\t\n<div class=\"row\"  id=\"row-1139421075\">\n\n\t<div id=\"col-1587686998\" class=\"col small-12 large-12\"  data-animate=\"blurIn\">\n\t\t\t\t<div class=\"col-inner\" style=\"background-color:rgba(255, 255, 255, 0.93);\" >\n\t\t\t\n\t\t\t\n<div class=\"row align-middle align-center\"  id=\"row-1633777496\">\n\n\t<div id=\"col-445771481\" class=\"col medium-9 small-12 large-6\"  >\n\t\t\t\t<div class=\"col-inner text-center\"  >\n\t\t\t\n\t\t\t\n\t<div id=\"text-1373893361\" class=\"text\">\n\t\t\n<h3>Cont\u00e1ctanos<\/h3>\n<p>Daniela Garcia<br \/>dgarcia@global-reinsurance.com<br \/>+(593) 2 333 1852 ext 105<\/p>\n\t\t\n<style>\n#text-1373893361 {\n  text-align: left;\n}\n<\/style>\n\t<\/div>\n\t\n\t\t<\/div>\n\t\t\t\t\n<style>\n#col-445771481 > .col-inner {\n  padding: 0px 0px 0px 0px;\n}\n@media (min-width:550px) {\n  #col-445771481 > .col-inner {\n    padding: 40px 0px 0px 0px;\n  }\n}\n@media (min-width:850px) {\n  #col-445771481 > .col-inner {\n    padding: 0px 10% 0px 5%;\n  }\n}\n<\/style>\n\t<\/div>\n\n\t\n\n\t<div id=\"col-1160961679\" class=\"col medium-12 small-12 large-6\"  >\n\t\t\t\t<div class=\"col-inner\"  >\n\t\t\t\n\t\t\t\n<div role=\"form\" class=\"wpcf7\" id=\"wpcf7-f9-o1\" lang=\"es-ES\" dir=\"ltr\">\n<div class=\"screen-reader-response\"><p role=\"status\" aria-live=\"polite\" aria-atomic=\"true\"><\/p> <ul><\/ul><\/div>\n<form action=\"\/es\/wp-json\/wp\/v2\/pages\/1322#wpcf7-f9-o1\" method=\"post\" class=\"wpcf7-form init\" novalidate=\"novalidate\" data-status=\"init\">\n<div style=\"display: none;\">\n<input type=\"hidden\" name=\"_wpcf7\" value=\"9\" \/>\n<input type=\"hidden\" name=\"_wpcf7_version\" value=\"5.4.2\" \/>\n<input type=\"hidden\" name=\"_wpcf7_locale\" value=\"es_ES\" \/>\n<input type=\"hidden\" name=\"_wpcf7_unit_tag\" value=\"wpcf7-f9-o1\" \/>\n<input type=\"hidden\" name=\"_wpcf7_container_post\" value=\"0\" \/>\n<input type=\"hidden\" name=\"_wpcf7_posted_data_hash\" value=\"\" \/>\n<\/div>\n<div class=\"form-flat\">\n<span class=\"wpcf7-form-control-wrap your-name\"><input type=\"text\" name=\"your-name\" value=\"\" size=\"40\" class=\"wpcf7-form-control wpcf7-text wpcf7-validates-as-required\" aria-required=\"true\" aria-invalid=\"false\" placeholder=\"Nombre (requerido)\" \/><\/span><\/p>\n<p><span class=\"wpcf7-form-control-wrap your-email\"><input type=\"email\" name=\"your-email\" value=\"\" size=\"40\" class=\"wpcf7-form-control wpcf7-text wpcf7-email wpcf7-validates-as-required wpcf7-validates-as-email\" aria-required=\"true\" aria-invalid=\"false\" placeholder=\"Email (requerido)\" \/><\/span> <\/p>\n<p><span class=\"wpcf7-form-control-wrap your-message\"><textarea name=\"your-message\" cols=\"40\" rows=\"10\" class=\"wpcf7-form-control wpcf7-textarea\" aria-invalid=\"false\" placeholder=\"Mensaje\"><\/textarea><\/span> <\/p>\n<p><input type=\"submit\" value=\"Enviar\" class=\"wpcf7-form-control wpcf7-submit button\" \/>\n<\/p><\/div>\n<div class=\"wpcf7-response-output\" aria-hidden=\"true\"><\/div><\/form><\/div>\n\t\t<\/div>\n\t\t\t\t\n<style>\n#col-1160961679 > .col-inner {\n  margin: 20px 0px 0px 0px;\n}\n<\/style>\n\t<\/div>\n\n\t\n<\/div>\n\t\t<\/div>\n\t\t\t\t\n<style>\n#col-1587686998 > .col-inner {\n  padding: 50px 30px 0px 30px;\n}\n@media (min-width:550px) {\n  #col-1587686998 > .col-inner {\n    padding: 30px 30px 0px 30px;\n  }\n}\n@media (min-width:850px) {\n  #col-1587686998 > .col-inner {\n    padding: 60px 60px 20px 60px;\n  }\n}\n<\/style>\n\t<\/div>\n\n\t\n\n<style>\n#row-1139421075 > .col > .col-inner {\n  border-radius: 1px;\n}\n<\/style>\n<\/div>\n\t\t<\/div>\n\n\t\t\n<style>\n#section_2015815271 {\n  padding-top: 50px;\n  padding-bottom: 50px;\n  min-height: 450px;\n}\n#section_2015815271 .section-bg.bg-loaded {\n  background-image: url(https:\/\/global-reinsurance.com\/wp-content\/uploads\/2021\/08\/Golbal-Reinsurance-Broker-14.jpg);\n}\n<\/style>\n\t<\/section>\n\t\n","protected":false},"excerpt":{"rendered":"","protected":false},"author":1,"featured_media":0,"parent":0,"menu_order":0,"comment_status":"closed","ping_status":"closed","template":"","meta":[],"_links":{"self":[{"href":"https:\/\/global-reinsurance.com\/es\/wp-json\/wp\/v2\/pages\/1322"}],"collection":[{"href":"https:\/\/global-reinsurance.com\/es\/wp-json\/wp\/v2\/pages"}],"about":[{"href":"https:\/\/global-reinsurance.com\/es\/wp-json\/wp\/v2\/types\/page"}],"author":[{"embeddable":true,"href":"https:\/\/global-reinsurance.com\/es\/wp-json\/wp\/v2\/users\/1"}],"replies":[{"embeddable":true,"href":"https:\/\/global-reinsurance.com\/es\/wp-json\/wp\/v2\/comments?post=1322"}],"version-history":[{"count":2,"href":"https:\/\/global-reinsurance.com\/es\/wp-json\/wp\/v2\/pages\/1322\/revisions"}],"predecessor-version":[{"id":1327,"href":"https:\/\/global-reinsurance.com\/es\/wp-json\/wp\/v2\/pages\/1322\/revisions\/1327"}],"wp:attachment":[{"href":"https:\/\/global-reinsurance.com\/es\/wp-json\/wp\/v2\/media?parent=1322"}],"curies":[{"name":"wp","href":"https:\/\/api.w.org\/{rel}","templated":true}]}}