{"id":1080,"date":"2021-11-24T06:33:05","date_gmt":"2021-11-24T06:33:05","guid":{"rendered":"https:\/\/global-reinsurance.com\/lineas-de-negocio\/generacion-de-electricidad-energia\/"},"modified":"2023-09-19T19:40:47","modified_gmt":"2023-09-19T19:40:47","slug":"generacion-de-energia","status":"publish","type":"page","link":"https:\/\/global-reinsurance.com\/es\/lineas-de-negocio\/generacion-de-energia\/","title":{"rendered":"GENERACI\u00d3N DE ENERG\u00cdA EL\u00c9CTRICA"},"content":{"rendered":"\t<section class=\"section\" id=\"section_595173329\">\n\t\t<div class=\"bg section-bg fill bg-fill bg-loaded bg-loaded\" >\n\n\t\t\t\n\t\t\t\n\t\t\t\n\n\t\t<\/div>\n\n\t\t<div class=\"section-content relative\">\n\t\t\t\n\t<div id=\"gap-1465199570\" class=\"gap-element clearfix\" style=\"display:block; height:auto;\">\n\t\t\n<style>\n#gap-1465199570 {\n  padding-top: 30px;\n}\n<\/style>\n\t<\/div>\n\t\n<div class=\"row\"  id=\"row-1315845263\">\n\n\t<div id=\"col-823055474\" class=\"col medium-12 small-12 large-8\"  data-animate=\"fadeInLeft\">\n\t\t\t\t<div class=\"col-inner\"  >\n\t\t\t\n\t\t\t\n\n  <div class=\"banner has-hover\" id=\"banner-1789880723\">\n          <div class=\"banner-inner fill\">\n        <div class=\"banner-bg fill\" >\n            <div class=\"bg fill bg-fill bg-loaded\"><\/div>\n                                    \n                    <\/div>\n        <div class=\"banner-layers container\">\n            <div class=\"fill banner-link\"><\/div>            \n        <\/div>\n      <\/div>\n\n            \n<style>\n#banner-1789880723 {\n  padding-top: 300px;\n  background-color: rgba(255, 255, 255, 0);\n}\n#banner-1789880723 .bg.bg-loaded {\n  background-image: url(https:\/\/global-reinsurance.com\/wp-content\/uploads\/2021\/09\/nazrin-b-va-iKjAj_oq-IE-unsplash-scaled.jpg);\n}\n#banner-1789880723 .bg {\n  background-position: 21% 68%;\n}\n@media (min-width:550px) {\n  #banner-1789880723 {\n    padding-top: 450px;\n  }\n}\n<\/style>\n  <\/div>\n\n\n\t\t<\/div>\n\t\t\t\t\t<\/div>\n\n\t\n<\/div>\n<div class=\"row align-right\"  id=\"row-1168330012\">\n\n\t<div id=\"col-1241529661\" class=\"col medium-12 small-12 large-6\"  data-animate=\"fadeInRight\">\n\t\t\t\t<div class=\"col-inner\" style=\"background-color:rgb(255, 255, 255);\" >\n\t\t\t\n\t\t\t\n<h2><span style=\"font-size: 150%;\">GENERACI\u00d3N DE ENERG\u00cdA EL\u00c9CTRICA<\/span><\/h2>\n\t\t<\/div>\n\t\t\t\t\n<style>\n#col-1241529661 > .col-inner {\n  padding: 7% 8% 5% 8%;\n  margin: -50px 0 0px 0px;\n}\n@media (min-width:550px) {\n  #col-1241529661 > .col-inner {\n    padding: 6% 8% 5% 8%;\n  }\n}\n@media (min-width:850px) {\n  #col-1241529661 > .col-inner {\n    padding: 18% 8% 15% 8%;\n    margin: -240px 0px 0px 0px;\n  }\n}\n<\/style>\n\t<\/div>\n\n\t\n<\/div>\n\t\t<\/div>\n\n\t\t\n<style>\n#section_595173329 {\n  padding-top: 30px;\n  padding-bottom: 30px;\n  background-color: rgb(245, 245, 245);\n}\n@media (min-width:550px) {\n  #section_595173329 {\n    padding-top: 50px;\n    padding-bottom: 50px;\n  }\n}\n<\/style>\n\t<\/section>\n\t\n\t<section class=\"section\" id=\"section_1224540266\">\n\t\t<div class=\"bg section-bg fill bg-fill bg-loaded bg-loaded\" >\n\n\t\t\t\n\t\t\t\n\t\t\t\n\n\t\t<\/div>\n\n\t\t<div class=\"section-content relative\">\n\t\t\t\n<div class=\"row align-center\"  id=\"row-2087702234\">\n\n\t<div id=\"col-987882730\" class=\"col medium-7 small-12 large-7\"  data-animate=\"fadeInUp\">\n\t\t\t\t<div class=\"col-inner text-center\"  >\n\t\t\t\n\t\t\t\n\t<div id=\"text-1433687476\" class=\"text\">\n\t\t\n<ul>\n<li style=\"text-align: left;\"><span style=\"color: #00305b;\"><strong>Todo riesgo.<\/strong><\/span><\/li>\n<li style=\"text-align: left;\"><span style=\"color: #00305b;\"><strong>Riesgos catastr\u00f3ficos.<\/strong><\/span><\/li>\n<li style=\"text-align: left;\"><span style=\"color: #00305b;\"><strong>P\u00e9rdida de beneficios.<\/strong><\/span><\/li>\n<li style=\"text-align: left;\"><span style=\"color: #00305b;\"><strong>Equipo y Maquinaria.<\/strong><\/span><\/li>\n<li style=\"text-align: left;\"><span style=\"color: #00305b;\"><strong>Gastos adicionales para el operador.<\/strong><\/span><\/li>\n<li style=\"text-align: left;\"><span style=\"color: #00305b;\"><strong>Da\u00f1os f\u00edsicos.<\/strong><\/span><\/li>\n<li style=\"text-align: left;\"><span style=\"color: #00305b;\"><strong>Responsabilidad legal de terceros.<\/strong><\/span><\/li>\n<li style=\"text-align: left;\"><span style=\"color: #00305b;\"><strong>Todo riesgo construcci\u00f3n.<\/strong><\/span><\/li>\n<li style=\"text-align: left;\"><span style=\"color: #00305b;\"><strong>Rotura mec\u00e1nica y el\u00e9ctrica.<\/strong><\/span><\/li>\n<li style=\"text-align: left;\"><span style=\"color: #00305b;\"><strong>Energ\u00edas renovables.<\/strong><\/span><\/li>\n<\/ul>\n\t\t\n<style>\n#text-1433687476 {\n  line-height: 2;\n}\n<\/style>\n\t<\/div>\n\t\n\t<div id=\"text-75229852\" class=\"text hidden\">\n\t\t\n<h2 style=\"text-align: left;\"><span style=\"font-size: 150%; color: #00305b;\">ACERCA DE GENERACI\u00d3N DE ELECTRICIDAD + ENERG\u00cdA<span style=\"font-size: 95%;\"><br \/>\n<\/span><br \/>\n<\/span><\/h2>\n<ul>\n<li style=\"text-align: left;\"><strong><span style=\"color: #00305b;\">Dispara todos los riesgos<\/span><\/strong><\/li>\n<li style=\"text-align: left;\"><strong><span style=\"color: #00305b;\">Riesgos catastr\u00f3ficos<\/span><\/strong><\/li>\n<li style=\"text-align: left;\"><strong><span style=\"color: #00305b;\">P\u00e9rdida de ingresos<\/span><\/strong><\/li>\n<li style=\"text-align: left;\"><strong><span style=\"color: #00305b;\">Equipo &amp; maquinaria<\/span><\/strong><\/li>\n<li style=\"text-align: left;\"><strong><span style=\"color: #00305b;\">Costos de operador adicionales<\/span><\/strong><\/li>\n<li style=\"text-align: left;\"><strong><span style=\"color: #00305b;\">Da\u00f1o f\u00edsico<\/span><\/strong><\/li>\n<li style=\"text-align: left;\"><strong><span style=\"color: #00305b;\">Loss of production \/ business interruption<\/span><\/strong><\/li>\n<li style=\"text-align: left;\"><strong><span style=\"color: #00305b;\">Construction and advanced lost profits<\/span><\/strong><\/li>\n<li style=\"text-align: left;\"><strong><span style=\"color: #00305b;\">Well control<\/span><\/strong><\/li>\n<li style=\"text-align: left;\"><strong><span style=\"color: #00305b;\">Third party liability \/ Excessive liabilities \/ Employers&#8217; liability<\/span><\/strong><\/li>\n<li style=\"text-align: left;\"><strong><span style=\"color: #00305b;\">Construcci\u00f3n todos los riesgos<\/span><\/strong><\/li>\n<li style=\"text-align: left;\"><strong><span style=\"color: #00305b;\">Operation all risks<\/span><\/strong><\/li>\n<li style=\"text-align: left;\"><strong><span style=\"color: #00305b;\">Loss or potential loss of income<\/span><\/strong><\/li>\n<li style=\"text-align: left;\"><strong><span style=\"color: #00305b;\">Aver\u00eda mec\u00e1nica y el\u00e9ctrica.<\/span><\/strong><\/li>\n<li style=\"text-align: left;\"><strong><span style=\"color: #00305b;\">Wind energy<\/span><\/strong><\/li>\n<li style=\"text-align: left;\"><strong><span style=\"color: #00305b;\">Solar energy (photovoltaic cells and active solar thermal)<\/span><\/strong><\/li>\n<li style=\"text-align: left;\"><strong><span style=\"color: #00305b;\">Hydroelectric power<\/span><\/strong><\/li>\n<li style=\"text-align: left;\"><strong><span style=\"color: #00305b;\">Biomass and biofuels and waste energy<\/span><\/strong><\/li>\n<li style=\"text-align: left;\"><strong><span style=\"color: #00305b;\">Natural gas-fired combined cycle power plants<\/span><\/strong><\/li>\n<\/ul>\n\t\t\n<style>\n#text-75229852 {\n  line-height: 2;\n}\n<\/style>\n\t<\/div>\n\t\n\t<div id=\"text-744237042\" class=\"text hidden\">\n\t\t\n<h2 style=\"text-align: left;\"><span style=\"font-size: 150%; color: #00305b;\">ABOUT PROPERTY INSURANCE <span style=\"font-size: 95%;\"><br \/>\n<\/span><br \/>\n<\/span><\/h2>\n<ul>\n<li style=\"text-align: left;\"><span style=\"font-size: 100%; color: #00305b;\"><strong>Fire all Risks:<\/strong> Covers damages to the property caused by the direct action of fire, heat, smoke, steam, or the means used to extinguish or contain the fire, debris removal, uninhabitability of the property, explosion and lightning damage<\/span><\/li>\n<li style=\"text-align: left;\"><span style=\"font-size: 100%; color: #00305b;\"><strong>Catastrophic Risks:<\/strong> Risk that has its origin in extraordinary and improbable events but which, due to their magnitude, involve a high amount of damage caused.<\/span><\/li>\n<li style=\"text-align: left;\"><span style=\"font-size: 100%; color: #00305b;\"><strong>Loss of Profits:<\/strong> Damage of a patrimonial nature. It consists the loss the insurer might have due to a potential loss of profit because of non-controlled or external reasons covered under the damage policy<\/span><\/li>\n<li style=\"text-align: left;\"><span style=\"font-size: 100%; color: #00305b;\"><strong>Machinery &amp; Equipment:<\/strong> This policy covers machinery and equipment due to all risks; accidents that occur despite proper handling, as well as those that occur as a result of carelessness, inexperience or negligence of the driver. Collision by fixed or mobile objects, fire, nature events, and every risk not excluded.<\/span><\/li>\n<li style=\"text-align: left;\"><span style=\"color: #00305b; font-size: 100%;\"><strong>Electronic Equipment: <\/strong>Fire (with or without flame), the explosion of all kinds, direct lightning strike, fall of manned and unmanned aircraft. Damage from pipes, flood waters, floods, drains, thaw, and humidity.<\/span><\/li>\n<\/ul>\n\t\t\n<style>\n#text-744237042 {\n  line-height: 2;\n}\n<\/style>\n\t<\/div>\n\t\n\t\t<\/div>\n\t\t\t\t\t<\/div>\n\n\t\n<\/div>\n\t\t<\/div>\n\n\t\t\n<style>\n#section_1224540266 {\n  padding-top: 30px;\n  padding-bottom: 30px;\n  min-height: 300px;\n  background-color: rgb(245, 245, 245);\n}\n<\/style>\n\t<\/section>\n\t\n\t<section class=\"section\" id=\"section_905350840\">\n\t\t<div class=\"bg section-bg fill bg-fill bg-loaded \" >\n\n\t\t\t\n\t\t\t\n\t\t\t\n\n\t\t<\/div>\n\n\t\t<div class=\"section-content relative\">\n\t\t\t\n\t<div id=\"gap-203656185\" class=\"gap-element clearfix\" style=\"display:block; height:auto;\">\n\t\t\n<style>\n#gap-203656185 {\n  padding-top: 30px;\n}\n<\/style>\n\t<\/div>\n\t\n<div class=\"row\"  id=\"row-796852190\">\n\n\t<div id=\"col-921845261\" class=\"col small-12 large-12\"  data-animate=\"blurIn\">\n\t\t\t\t<div class=\"col-inner\" style=\"background-color:rgba(255, 255, 255, 0.93);\" >\n\t\t\t\n\t\t\t\n<div class=\"row align-middle align-center\"  id=\"row-1469068371\">\n\n\t<div id=\"col-636604460\" class=\"col medium-9 small-12 large-6\"  >\n\t\t\t\t<div class=\"col-inner text-center\"  >\n\t\t\t\n\t\t\t\n\t<div id=\"text-799865648\" class=\"text\">\n\t\t\n<h3>Cont\u00e1ctenos<\/h3>\n<p><span class=\"color_11\" style=\"font-size: 100%;\" data-animate=\"fadeInUp\"><a href=\"mailto:mtoalombo@global-reinsurance.com\" data-auto-recognition=\"true\">contacto@global-reinsurance.com<\/a><br \/>\n+(593) 2 333 1852\u00a0<\/span><\/p>\n\t\t\n<style>\n#text-799865648 {\n  text-align: left;\n}\n<\/style>\n\t<\/div>\n\t\n\t\t<\/div>\n\t\t\t\t\n<style>\n#col-636604460 > .col-inner {\n  padding: 0px 0px 0px 0px;\n}\n@media (min-width:550px) {\n  #col-636604460 > .col-inner {\n    padding: 40px 0px 0px 0px;\n  }\n}\n@media (min-width:850px) {\n  #col-636604460 > .col-inner {\n    padding: 0px 10% 0px 5%;\n  }\n}\n<\/style>\n\t<\/div>\n\n\t\n\n\t<div id=\"col-488825746\" class=\"col medium-12 small-12 large-6\"  >\n\t\t\t\t<div class=\"col-inner\"  >\n\t\t\t\n\t\t\t\n<div role=\"form\" class=\"wpcf7\" id=\"wpcf7-f9-o1\" lang=\"es-ES\" dir=\"ltr\">\n<div class=\"screen-reader-response\"><p role=\"status\" aria-live=\"polite\" aria-atomic=\"true\"><\/p> <ul><\/ul><\/div>\n<form action=\"\/es\/wp-json\/wp\/v2\/pages\/1080#wpcf7-f9-o1\" method=\"post\" class=\"wpcf7-form init\" novalidate=\"novalidate\" data-status=\"init\">\n<div style=\"display: none;\">\n<input type=\"hidden\" name=\"_wpcf7\" value=\"9\" \/>\n<input type=\"hidden\" name=\"_wpcf7_version\" value=\"5.4.2\" \/>\n<input type=\"hidden\" name=\"_wpcf7_locale\" value=\"es_ES\" \/>\n<input type=\"hidden\" name=\"_wpcf7_unit_tag\" value=\"wpcf7-f9-o1\" \/>\n<input type=\"hidden\" name=\"_wpcf7_container_post\" value=\"0\" \/>\n<input type=\"hidden\" name=\"_wpcf7_posted_data_hash\" value=\"\" \/>\n<\/div>\n<div class=\"form-flat\">\n<span class=\"wpcf7-form-control-wrap your-name\"><input type=\"text\" name=\"your-name\" value=\"\" size=\"40\" class=\"wpcf7-form-control wpcf7-text wpcf7-validates-as-required\" aria-required=\"true\" aria-invalid=\"false\" placeholder=\"Nombre (requerido)\" \/><\/span><\/p>\n<p><span class=\"wpcf7-form-control-wrap your-email\"><input type=\"email\" name=\"your-email\" value=\"\" size=\"40\" class=\"wpcf7-form-control wpcf7-text wpcf7-email wpcf7-validates-as-required wpcf7-validates-as-email\" aria-required=\"true\" aria-invalid=\"false\" placeholder=\"Email (requerido)\" \/><\/span> <\/p>\n<p><span class=\"wpcf7-form-control-wrap your-message\"><textarea name=\"your-message\" cols=\"40\" rows=\"10\" class=\"wpcf7-form-control wpcf7-textarea\" aria-invalid=\"false\" placeholder=\"Mensaje\"><\/textarea><\/span> <\/p>\n<p><input type=\"submit\" value=\"Enviar\" class=\"wpcf7-form-control wpcf7-submit button\" \/>\n<\/p><\/div>\n<div class=\"wpcf7-response-output\" aria-hidden=\"true\"><\/div><\/form><\/div>\n\t\t<\/div>\n\t\t\t\t\n<style>\n#col-488825746 > .col-inner {\n  margin: 20px 0px 0px 0px;\n}\n<\/style>\n\t<\/div>\n\n\t\n<\/div>\n\t\t<\/div>\n\t\t\t\t\n<style>\n#col-921845261 > .col-inner {\n  padding: 50px 30px 0px 30px;\n}\n@media (min-width:550px) {\n  #col-921845261 > .col-inner {\n    padding: 30px 30px 0px 30px;\n  }\n}\n@media (min-width:850px) {\n  #col-921845261 > .col-inner {\n    padding: 60px 60px 20px 60px;\n  }\n}\n<\/style>\n\t<\/div>\n\n\t\n\n<style>\n#row-796852190 > .col > .col-inner {\n  border-radius: 1px;\n}\n<\/style>\n<\/div>\n\t\t<\/div>\n\n\t\t\n<style>\n#section_905350840 {\n  padding-top: 50px;\n  padding-bottom: 50px;\n  min-height: 450px;\n}\n#section_905350840 .section-bg.bg-loaded {\n  background-image: url(https:\/\/global-reinsurance.com\/wp-content\/uploads\/2021\/08\/Golbal-Reinsurance-Broker-14.jpg);\n}\n<\/style>\n\t<\/section>\n\t\n\n\n","protected":false},"excerpt":{"rendered":"","protected":false},"author":1,"featured_media":0,"parent":1062,"menu_order":0,"comment_status":"closed","ping_status":"closed","template":"","meta":[],"_links":{"self":[{"href":"https:\/\/global-reinsurance.com\/es\/wp-json\/wp\/v2\/pages\/1080"}],"collection":[{"href":"https:\/\/global-reinsurance.com\/es\/wp-json\/wp\/v2\/pages"}],"about":[{"href":"https:\/\/global-reinsurance.com\/es\/wp-json\/wp\/v2\/types\/page"}],"author":[{"embeddable":true,"href":"https:\/\/global-reinsurance.com\/es\/wp-json\/wp\/v2\/users\/1"}],"replies":[{"embeddable":true,"href":"https:\/\/global-reinsurance.com\/es\/wp-json\/wp\/v2\/comments?post=1080"}],"version-history":[{"count":9,"href":"https:\/\/global-reinsurance.com\/es\/wp-json\/wp\/v2\/pages\/1080\/revisions"}],"predecessor-version":[{"id":1357,"href":"https:\/\/global-reinsurance.com\/es\/wp-json\/wp\/v2\/pages\/1080\/revisions\/1357"}],"up":[{"embeddable":true,"href":"https:\/\/global-reinsurance.com\/es\/wp-json\/wp\/v2\/pages\/1062"}],"wp:attachment":[{"href":"https:\/\/global-reinsurance.com\/es\/wp-json\/wp\/v2\/media?parent=1080"}],"curies":[{"name":"wp","href":"https:\/\/api.w.org\/{rel}","templated":true}]}}