{"id":1077,"date":"2021-11-24T06:25:26","date_gmt":"2021-11-24T06:25:26","guid":{"rendered":"https:\/\/global-reinsurance.com\/lineas-de-negocio\/gas-petroleo\/"},"modified":"2023-09-19T19:43:27","modified_gmt":"2023-09-19T19:43:27","slug":"hidrocarburos-y-gas","status":"publish","type":"page","link":"https:\/\/global-reinsurance.com\/es\/lineas-de-negocio\/hidrocarburos-y-gas\/","title":{"rendered":"HIDROCARBUROS Y GAS"},"content":{"rendered":"\t<section class=\"section\" id=\"section_1870369264\">\n\t\t<div class=\"bg section-bg fill bg-fill bg-loaded bg-loaded\" >\n\n\t\t\t\n\t\t\t\n\t\t\t\n\n\t\t<\/div>\n\n\t\t<div class=\"section-content relative\">\n\t\t\t\n\t<div id=\"gap-23604371\" class=\"gap-element clearfix\" style=\"display:block; height:auto;\">\n\t\t\n<style>\n#gap-23604371 {\n  padding-top: 30px;\n}\n<\/style>\n\t<\/div>\n\t\n<div class=\"row\"  id=\"row-476014075\">\n\n\t<div id=\"col-1240946636\" class=\"col medium-12 small-12 large-8\"  data-animate=\"fadeInLeft\">\n\t\t\t\t<div class=\"col-inner\"  >\n\t\t\t\n\t\t\t\n\n  <div class=\"banner has-hover\" id=\"banner-1135674240\">\n          <div class=\"banner-inner fill\">\n        <div class=\"banner-bg fill\" >\n            <div class=\"bg fill bg-fill bg-loaded\"><\/div>\n                                    \n                    <\/div>\n        <div class=\"banner-layers container\">\n            <div class=\"fill banner-link\"><\/div>            \n        <\/div>\n      <\/div>\n\n            \n<style>\n#banner-1135674240 {\n  padding-top: 300px;\n  background-color: rgba(255, 255, 255, 0);\n}\n#banner-1135674240 .bg.bg-loaded {\n  background-image: url(https:\/\/global-reinsurance.com\/wp-content\/uploads\/2021\/08\/Golbal-Reinsurance-Broker-26.jpg);\n}\n@media (min-width:550px) {\n  #banner-1135674240 {\n    padding-top: 450px;\n  }\n}\n<\/style>\n  <\/div>\n\n\n\t\t<\/div>\n\t\t\t\t\t<\/div>\n\n\t\n<\/div>\n<div class=\"row align-right\"  id=\"row-190298365\">\n\n\t<div id=\"col-1460793301\" class=\"col medium-12 small-12 large-6\"  data-animate=\"fadeInRight\">\n\t\t\t\t<div class=\"col-inner\" style=\"background-color:rgb(255, 255, 255);\" >\n\t\t\t\n\t\t\t\n<h2><span style=\"font-size: 150%;\">HIDROCARBUROS Y GAS<\/span><\/h2>\n\t\t<\/div>\n\t\t\t\t\n<style>\n#col-1460793301 > .col-inner {\n  padding: 7% 8% 5% 8%;\n  margin: -50px 0 0px 0px;\n}\n@media (min-width:550px) {\n  #col-1460793301 > .col-inner {\n    padding: 6% 8% 5% 8%;\n  }\n}\n@media (min-width:850px) {\n  #col-1460793301 > .col-inner {\n    padding: 18% 8% 15% 8%;\n    margin: -240px 0px 0px 0px;\n  }\n}\n<\/style>\n\t<\/div>\n\n\t\n<\/div>\n\t\t<\/div>\n\n\t\t\n<style>\n#section_1870369264 {\n  padding-top: 30px;\n  padding-bottom: 30px;\n  background-color: rgb(245, 245, 245);\n}\n@media (min-width:550px) {\n  #section_1870369264 {\n    padding-top: 50px;\n    padding-bottom: 50px;\n  }\n}\n<\/style>\n\t<\/section>\n\t\n\t<section class=\"section\" id=\"section_838255495\">\n\t\t<div class=\"bg section-bg fill bg-fill bg-loaded bg-loaded\" >\n\n\t\t\t\n\t\t\t\n\t\t\t\n\n\t\t<\/div>\n\n\t\t<div class=\"section-content relative\">\n\t\t\t\n<div class=\"row align-center\"  id=\"row-1890488235\">\n\n\t<div id=\"col-375187401\" class=\"col medium-7 small-12 large-7\"  data-animate=\"fadeInUp\">\n\t\t\t\t<div class=\"col-inner text-left\"  >\n\t\t\t\n\t\t\t\n\t<div id=\"text-3720184250\" class=\"text\">\n\t\t\n<h2 style=\"text-align: left;\"><span style=\"color: #00305b;\"><span style=\"font-size: 150%;\">EXPLORACI\u00d3N, EXPLOTACI\u00d3N, TUBER\u00cdAS, CENTRALES DE BOMBEO, REFINER\u00cdAS Y SIMILARES<\/span><span style=\"font-size: 150%;\"><br \/>\n<\/span><strong><span style=\"font-size: 150%;\"><br \/>\n<\/span><\/strong><\/span><\/h2>\n<ul>\n<li><span style=\"color: #00305b;\"><strong>Todo Riesgo.<\/strong><\/span><\/li>\n<li><span style=\"color: #00305b;\"><strong>Riesgos Catastr\u00f3ficos.<\/strong><\/span><\/li>\n<li><span style=\"color: #00305b;\"><strong>P\u00e9rdida de beneficios.<\/strong><\/span><\/li>\n<li><span style=\"color: #00305b;\"><strong>Equipo y Maquinaria.<\/strong><\/span><\/li>\n<li><span style=\"color: #00305b;\"><strong>Equipos electr\u00f3nicos.<\/strong><\/span><\/li>\n<li><span style=\"color: #00305b;\"><strong>Equipos de perforaci\u00f3n.<\/strong><\/span><\/li>\n<li><span style=\"color: #00305b;\"><strong>Control de pozos.<\/strong><\/span><\/li>\n<li><span style=\"color: #00305b;\"><strong>Responsabilidad civil a terceros.<\/strong><\/span><\/li>\n<\/ul>\n\t\t\n<style>\n#text-3720184250 {\n  line-height: 2;\n}\n<\/style>\n\t<\/div>\n\t\n\t<div id=\"text-3484999774\" class=\"text hidden\">\n\t\t\n<h2 style=\"text-align: left;\"><strong><span style=\"font-size: 150%; color: #00305b;\">ACERCA DEL SEGURO DE GAS &amp; PETR\u00d3LEO:<br \/>\nCORRIENTE ARRIBA, CORRIENTE MEDIA, CORRIENTE ABAJO<br \/>\n<\/span><\/strong><\/h2>\n<ul>\n<li style=\"text-align: left;\"><strong><span class=\"color_20\" style=\"color: #00305b;\">Riesgos de Fuego<\/span><\/strong><\/li>\n<li style=\"text-align: left;\"><strong><span class=\"color_20\" style=\"color: #00305b;\">Riesgos Catastr\u00f3ficos<\/span><\/strong><\/li>\n<li style=\"text-align: left;\"><strong><span class=\"color_20\" style=\"color: #00305b;\">P\u00e9rdida de Ingresos<\/span><\/strong><\/li>\n<li style=\"text-align: left;\"><strong><span class=\"color_20\" style=\"color: #00305b;\">Equipo &amp; Maquinaria<\/span><\/strong><\/li>\n<li style=\"text-align: left;\"><strong><span class=\"color_20\" style=\"color: #00305b;\">Equipo Electronico<\/span><\/strong><\/li>\n<li><strong><span style=\"color: #00305b;\">Equipo de perforaci\u00f3n<\/span><\/strong><\/li>\n<li><strong><span style=\"color: #00305b;\">Control de Pozos<\/span><\/strong><\/li>\n<li><strong><span style=\"color: #00305b;\">Compensaci\u00f3n de Trabajadores<\/span><\/strong><\/li>\n<li><strong><span style=\"color: #00305b;\">Responsabilidad General Comercial<\/span><\/strong><\/li>\n<li><strong><span style=\"color: #00305b;\">Responsabilidad General de Paraguas<\/span><\/strong><\/li>\n<\/ul>\n\t\t\n<style>\n#text-3484999774 {\n  line-height: 2;\n}\n<\/style>\n\t<\/div>\n\t\n\t<div id=\"text-3138771985\" class=\"text hidden\">\n\t\t\n<h2 style=\"text-align: left;\"><span style=\"font-size: 150%; color: #00305b;\">SEGURO DE PETR\u00d3LEO &amp; GAS<br \/>\n<\/span><\/h2>\n<ul>\n<li style=\"text-align: left;\"><span class=\"color_20\" style=\"color: #00305b;\"><strong>Fire all Risks:<\/strong> Covers damage to the property caused by the direct action of fire, damage caused by heat, smoke, steam, or the means used to extinguish or contain the fire, removal of debris, and removal of furniture irreversible damage of property, blast damage and lightning damage.<\/span><\/li>\n<li>\n<p class=\"font_8\"><span class=\"color_20\" style=\"color: #00305b;\"><strong>Catastrophic Risks: <\/strong>Risk that has its origin in extraordinary and improbable events but which, due to their magnitude, involve a high amount of the damage they cause. <\/span><\/p>\n<\/li>\n<li>\n<p class=\"font_8\"><span class=\"color_20\" style=\"color: #00305b;\"><strong>Loss of Profits: <\/strong>Loss of profit is the damage of a patrimonial nature. It consists of the potential profit that you obtain because of non-controlled or external reasons. <\/span><\/p>\n<\/li>\n<li>\n<p class=\"font_8\"><span class=\"color_20\" style=\"color: #00305b;\"><strong>Machinery &amp; Equipment: <\/strong>Fire and or lightning accidents that occur despite proper handling, as well as those that occur as a result of carelessness, inexperience, or negligence of the driver. Collision by moving or stationary objects, overturning, ground subsidence, landslide, and derailment. <\/span><\/p>\n<\/li>\n<li>\n<p class=\"font_8\"><span class=\"color_20\" style=\"color: #00305b;\"><strong>Electronic Equipment:<\/strong> Fire (with or without flame), the explosion of all kinds, direct lightning strike, fall of manned and unmanned aircraft. Damage from pipes, flood waters, floods, drains, thaw, and humidity.<\/span><\/p>\n<\/li>\n<\/ul>\n\t\t\n<style>\n#text-3138771985 {\n  line-height: 2;\n}\n<\/style>\n\t<\/div>\n\t\n\t\t<\/div>\n\t\t\t\t\t<\/div>\n\n\t\n<\/div>\n\t\t<\/div>\n\n\t\t\n<style>\n#section_838255495 {\n  padding-top: 30px;\n  padding-bottom: 30px;\n  min-height: 300px;\n  background-color: rgb(245, 245, 245);\n}\n<\/style>\n\t<\/section>\n\t\n\t<section class=\"section\" id=\"section_1292916747\">\n\t\t<div class=\"bg section-bg fill bg-fill bg-loaded \" >\n\n\t\t\t\n\t\t\t\n\t\t\t\n\n\t\t<\/div>\n\n\t\t<div class=\"section-content relative\">\n\t\t\t\n\t<div id=\"gap-1767887308\" class=\"gap-element clearfix\" style=\"display:block; height:auto;\">\n\t\t\n<style>\n#gap-1767887308 {\n  padding-top: 30px;\n}\n<\/style>\n\t<\/div>\n\t\n<div class=\"row\"  id=\"row-1718454811\">\n\n\t<div id=\"col-637719166\" class=\"col small-12 large-12\"  data-animate=\"blurIn\">\n\t\t\t\t<div class=\"col-inner\" style=\"background-color:rgba(255, 255, 255, 0.93);\" >\n\t\t\t\n\t\t\t\n<div class=\"row align-middle align-center\"  id=\"row-1347736481\">\n\n\t<div id=\"col-1228395486\" class=\"col medium-9 small-12 large-6\"  >\n\t\t\t\t<div class=\"col-inner text-center\"  >\n\t\t\t\n\t\t\t\n\t<div id=\"text-2966941811\" class=\"text\">\n\t\t\n<h3>Cont\u00e1ctenos<\/h3>\n<p><span class=\"color_11\" data-animate=\"fadeInUp\" data-animated=\"true\">contacto@global-reinsurance.com<br \/>\n+(593) 2 333 1852\u00a0<\/span><\/p>\n\t\t\n<style>\n#text-2966941811 {\n  text-align: left;\n}\n<\/style>\n\t<\/div>\n\t\n\t\t<\/div>\n\t\t\t\t\n<style>\n#col-1228395486 > .col-inner {\n  padding: 0px 0px 0px 0px;\n}\n@media (min-width:550px) {\n  #col-1228395486 > .col-inner {\n    padding: 40px 0px 0px 0px;\n  }\n}\n@media (min-width:850px) {\n  #col-1228395486 > .col-inner {\n    padding: 0px 10% 0px 5%;\n  }\n}\n<\/style>\n\t<\/div>\n\n\t\n\n\t<div id=\"col-1304892570\" class=\"col medium-12 small-12 large-6\"  >\n\t\t\t\t<div class=\"col-inner\"  >\n\t\t\t\n\t\t\t\n<div role=\"form\" class=\"wpcf7\" id=\"wpcf7-f9-o1\" lang=\"es-ES\" dir=\"ltr\">\n<div class=\"screen-reader-response\"><p role=\"status\" aria-live=\"polite\" aria-atomic=\"true\"><\/p> <ul><\/ul><\/div>\n<form action=\"\/es\/wp-json\/wp\/v2\/pages\/1077#wpcf7-f9-o1\" method=\"post\" class=\"wpcf7-form init\" novalidate=\"novalidate\" data-status=\"init\">\n<div style=\"display: none;\">\n<input type=\"hidden\" name=\"_wpcf7\" value=\"9\" \/>\n<input type=\"hidden\" name=\"_wpcf7_version\" value=\"5.4.2\" \/>\n<input type=\"hidden\" name=\"_wpcf7_locale\" value=\"es_ES\" \/>\n<input type=\"hidden\" name=\"_wpcf7_unit_tag\" value=\"wpcf7-f9-o1\" \/>\n<input type=\"hidden\" name=\"_wpcf7_container_post\" value=\"0\" \/>\n<input type=\"hidden\" name=\"_wpcf7_posted_data_hash\" value=\"\" \/>\n<\/div>\n<div class=\"form-flat\">\n<span class=\"wpcf7-form-control-wrap your-name\"><input type=\"text\" name=\"your-name\" value=\"\" size=\"40\" class=\"wpcf7-form-control wpcf7-text wpcf7-validates-as-required\" aria-required=\"true\" aria-invalid=\"false\" placeholder=\"Nombre (requerido)\" \/><\/span><\/p>\n<p><span class=\"wpcf7-form-control-wrap your-email\"><input type=\"email\" name=\"your-email\" value=\"\" size=\"40\" class=\"wpcf7-form-control wpcf7-text wpcf7-email wpcf7-validates-as-required wpcf7-validates-as-email\" aria-required=\"true\" aria-invalid=\"false\" placeholder=\"Email (requerido)\" \/><\/span> <\/p>\n<p><span class=\"wpcf7-form-control-wrap your-message\"><textarea name=\"your-message\" cols=\"40\" rows=\"10\" class=\"wpcf7-form-control wpcf7-textarea\" aria-invalid=\"false\" placeholder=\"Mensaje\"><\/textarea><\/span> <\/p>\n<p><input type=\"submit\" value=\"Enviar\" class=\"wpcf7-form-control wpcf7-submit button\" \/>\n<\/p><\/div>\n<div class=\"wpcf7-response-output\" aria-hidden=\"true\"><\/div><\/form><\/div>\n\t\t<\/div>\n\t\t\t\t\n<style>\n#col-1304892570 > .col-inner {\n  margin: 20px 0px 0px 0px;\n}\n<\/style>\n\t<\/div>\n\n\t\n<\/div>\n\t\t<\/div>\n\t\t\t\t\n<style>\n#col-637719166 > .col-inner {\n  padding: 50px 30px 0px 30px;\n}\n@media (min-width:550px) {\n  #col-637719166 > .col-inner {\n    padding: 30px 30px 0px 30px;\n  }\n}\n@media (min-width:850px) {\n  #col-637719166 > .col-inner {\n    padding: 60px 60px 20px 60px;\n  }\n}\n<\/style>\n\t<\/div>\n\n\t\n\n<style>\n#row-1718454811 > .col > .col-inner {\n  border-radius: 1px;\n}\n<\/style>\n<\/div>\n\t\t<\/div>\n\n\t\t\n<style>\n#section_1292916747 {\n  padding-top: 50px;\n  padding-bottom: 50px;\n  min-height: 450px;\n}\n#section_1292916747 .section-bg.bg-loaded {\n  background-image: url(https:\/\/global-reinsurance.com\/wp-content\/uploads\/2021\/08\/Golbal-Reinsurance-Broker-14.jpg);\n}\n<\/style>\n\t<\/section>\n\t\n","protected":false},"excerpt":{"rendered":"","protected":false},"author":1,"featured_media":0,"parent":1062,"menu_order":0,"comment_status":"closed","ping_status":"closed","template":"","meta":[],"_links":{"self":[{"href":"https:\/\/global-reinsurance.com\/es\/wp-json\/wp\/v2\/pages\/1077"}],"collection":[{"href":"https:\/\/global-reinsurance.com\/es\/wp-json\/wp\/v2\/pages"}],"about":[{"href":"https:\/\/global-reinsurance.com\/es\/wp-json\/wp\/v2\/types\/page"}],"author":[{"embeddable":true,"href":"https:\/\/global-reinsurance.com\/es\/wp-json\/wp\/v2\/users\/1"}],"replies":[{"embeddable":true,"href":"https:\/\/global-reinsurance.com\/es\/wp-json\/wp\/v2\/comments?post=1077"}],"version-history":[{"count":7,"href":"https:\/\/global-reinsurance.com\/es\/wp-json\/wp\/v2\/pages\/1077\/revisions"}],"predecessor-version":[{"id":1358,"href":"https:\/\/global-reinsurance.com\/es\/wp-json\/wp\/v2\/pages\/1077\/revisions\/1358"}],"up":[{"embeddable":true,"href":"https:\/\/global-reinsurance.com\/es\/wp-json\/wp\/v2\/pages\/1062"}],"wp:attachment":[{"href":"https:\/\/global-reinsurance.com\/es\/wp-json\/wp\/v2\/media?parent=1077"}],"curies":[{"name":"wp","href":"https:\/\/api.w.org\/{rel}","templated":true}]}}