{"id":1076,"date":"2021-11-24T06:20:49","date_gmt":"2021-11-24T06:20:49","guid":{"rendered":"https:\/\/global-reinsurance.com\/lineas-de-negocio\/mineria\/"},"modified":"2023-09-19T20:07:37","modified_gmt":"2023-09-19T20:07:37","slug":"mineria","status":"publish","type":"page","link":"https:\/\/global-reinsurance.com\/es\/lineas-de-negocio\/mineria\/","title":{"rendered":"MINER\u00cdA"},"content":{"rendered":"\t<section class=\"section\" id=\"section_1376560316\">\n\t\t<div class=\"bg section-bg fill bg-fill bg-loaded bg-loaded\" >\n\n\t\t\t\n\t\t\t\n\t\t\t\n\n\t\t<\/div>\n\n\t\t<div class=\"section-content relative\">\n\t\t\t\n\t<div id=\"gap-1039621049\" class=\"gap-element clearfix\" style=\"display:block; height:auto;\">\n\t\t\n<style>\n#gap-1039621049 {\n  padding-top: 30px;\n}\n<\/style>\n\t<\/div>\n\t\n<div class=\"row\"  id=\"row-880382101\">\n\n\t<div id=\"col-390028631\" class=\"col medium-12 small-12 large-8\"  data-animate=\"fadeInLeft\">\n\t\t\t\t<div class=\"col-inner\"  >\n\t\t\t\n\t\t\t\n\n  <div class=\"banner has-hover\" id=\"banner-158272199\">\n          <div class=\"banner-inner fill\">\n        <div class=\"banner-bg fill\" >\n            <div class=\"bg fill bg-fill bg-loaded\"><\/div>\n                                    \n                    <\/div>\n        <div class=\"banner-layers container\">\n            <div class=\"fill banner-link\"><\/div>            \n        <\/div>\n      <\/div>\n\n            \n<style>\n#banner-158272199 {\n  padding-top: 300px;\n  background-color: rgba(255, 255, 255, 0);\n}\n#banner-158272199 .bg.bg-loaded {\n  background-image: url(https:\/\/global-reinsurance.com\/wp-content\/uploads\/2021\/09\/nicolas-j-leclercq-ojK5ADTY4so-unsplash.jpg);\n}\n@media (min-width:550px) {\n  #banner-158272199 {\n    padding-top: 450px;\n  }\n}\n<\/style>\n  <\/div>\n\n\n\t\t<\/div>\n\t\t\t\t\t<\/div>\n\n\t\n<\/div>\n<div class=\"row align-right\"  id=\"row-129475734\">\n\n\t<div id=\"col-1592304180\" class=\"col medium-12 small-12 large-6\"  data-animate=\"fadeInRight\">\n\t\t\t\t<div class=\"col-inner\" style=\"background-color:rgb(255, 255, 255);\" >\n\t\t\t\n\t\t\t\n<h2><span style=\"font-size: 150%;\">MINER\u00cdA<\/span><\/h2>\n\t\t<\/div>\n\t\t\t\t\n<style>\n#col-1592304180 > .col-inner {\n  padding: 7% 8% 5% 8%;\n  margin: -50px 0 0px 0px;\n}\n@media (min-width:550px) {\n  #col-1592304180 > .col-inner {\n    padding: 6% 8% 5% 8%;\n  }\n}\n@media (min-width:850px) {\n  #col-1592304180 > .col-inner {\n    padding: 18% 8% 15% 8%;\n    margin: -240px 0px 0px 0px;\n  }\n}\n<\/style>\n\t<\/div>\n\n\t\n<\/div>\n\t\t<\/div>\n\n\t\t\n<style>\n#section_1376560316 {\n  padding-top: 30px;\n  padding-bottom: 30px;\n  background-color: rgb(245, 245, 245);\n}\n@media (min-width:550px) {\n  #section_1376560316 {\n    padding-top: 50px;\n    padding-bottom: 50px;\n  }\n}\n<\/style>\n\t<\/section>\n\t\n\t<section class=\"section\" id=\"section_904826744\">\n\t\t<div class=\"bg section-bg fill bg-fill bg-loaded bg-loaded\" >\n\n\t\t\t\n\t\t\t\n\t\t\t\n\n\t\t<\/div>\n\n\t\t<div class=\"section-content relative\">\n\t\t\t\n<div class=\"row align-center\"  id=\"row-45611413\">\n\n\t<div id=\"col-1933845510\" class=\"col medium-7 small-12 large-7\"  data-animate=\"fadeInUp\">\n\t\t\t\t<div class=\"col-inner text-center\"  >\n\t\t\t\n\t\t\t\n\t<div id=\"text-1354522067\" class=\"text\">\n\t\t\n<ul>\n<li style=\"text-align: left;\"><span style=\"color: #00305b;\"><strong>Riesgos de construcci\u00f3n y montaje.<\/strong><\/span><\/li>\n<li style=\"text-align: left;\"><span style=\"color: #00305b;\"><strong>Miner\u00eda subterr\u00e1nea &#8211; Derrumbes en t\u00faneles.<\/strong><\/span><\/li>\n<li style=\"text-align: left;\"><span style=\"color: #00305b;\"><strong>Instalaciones de superficie &#8211; Desprendimientos y derrumbes.<\/strong><\/span><\/li>\n<li style=\"text-align: left;\"><span style=\"color: #00305b;\"><strong>Cobertura de rotura de maquinaria.<\/strong><\/span><\/li>\n<li style=\"text-align: left;\"><span style=\"color: #00305b;\"><strong>Equipos m\u00f3viles &#8220;Todo riesgo para equipos de contratistas&#8221;.<\/strong><\/span><\/li>\n<li style=\"text-align: left;\"><span style=\"color: #00305b;\"><strong>Riesgos de contaminaci\u00f3n.<\/strong><\/span><\/li>\n<li style=\"text-align: left;\"><span style=\"color: #00305b;\"><strong>Accidentes personales.<\/strong><\/span><\/li>\n<li style=\"text-align: left;\"><span style=\"color: #00305b;\"><strong>Responsabilidad civil a terceros.<\/strong><\/span><\/li>\n<\/ul>\n\t\t\n<style>\n#text-1354522067 {\n  line-height: 2;\n}\n<\/style>\n\t<\/div>\n\t\n\t<div id=\"text-1022002408\" class=\"text hidden\">\n\t\t\n<h2 style=\"text-align: left;\"><span style=\"font-size: 150%; color: #00305b;\">ACERCA DEL SEGURO MINERO <span style=\"font-size: 95%;\"><br \/>\n<\/span><br \/>\n<\/span><\/h2>\n<ul>\n<li style=\"text-align: left;\"><strong><span style=\"color: #00305b; font-size: 100%;\">Riesgos de construcci\u00f3n y montaje<\/span><\/strong><\/li>\n<li style=\"text-align: left;\"><strong><span style=\"color: #00305b; font-size: 100%;\">Miner\u00eda subterr\u00e1nea: derrumbes en cavernas<\/span><\/strong><\/li>\n<li style=\"text-align: left;\"><strong><span style=\"color: #00305b; font-size: 100%;\">Instalaciones de superficie &#8211; Deslizamientos y derrumbes<\/span><\/strong><\/li>\n<li style=\"text-align: left;\"><strong><span style=\"color: #00305b; font-size: 100%;\">Cobertura de aver\u00eda de maquinaria<\/span><\/strong><\/li>\n<li style=\"text-align: left;\"><strong><span style=\"color: #00305b; font-size: 100%;\">Equipos m\u00f3viles &#8220;Todo riesgo para equipos contratistas&#8221;.<\/span><\/strong><\/li>\n<li style=\"text-align: left;\"><span style=\"color: #00305b; font-size: 100%;\"><strong>Riesgos de contaminaci\u00f3n<\/strong><br \/>\n<\/span><\/li>\n<\/ul>\n\t\t\n<style>\n#text-1022002408 {\n  line-height: 2;\n}\n<\/style>\n\t<\/div>\n\t\n\t\t<\/div>\n\t\t\t\t\t<\/div>\n\n\t\n<\/div>\n\t\t<\/div>\n\n\t\t\n<style>\n#section_904826744 {\n  padding-top: 30px;\n  padding-bottom: 30px;\n  min-height: 300px;\n  background-color: rgb(245, 245, 245);\n}\n<\/style>\n\t<\/section>\n\t\n\t<section class=\"section\" id=\"section_987292360\">\n\t\t<div class=\"bg section-bg fill bg-fill bg-loaded \" >\n\n\t\t\t\n\t\t\t\n\t\t\t\n\n\t\t<\/div>\n\n\t\t<div class=\"section-content relative\">\n\t\t\t\n\t<div id=\"gap-1882488126\" class=\"gap-element clearfix\" style=\"display:block; height:auto;\">\n\t\t\n<style>\n#gap-1882488126 {\n  padding-top: 30px;\n}\n<\/style>\n\t<\/div>\n\t\n<div class=\"row\"  id=\"row-474884561\">\n\n\t<div id=\"col-1094997614\" class=\"col small-12 large-12\"  data-animate=\"blurIn\">\n\t\t\t\t<div class=\"col-inner\" style=\"background-color:rgba(255, 255, 255, 0.93);\" >\n\t\t\t\n\t\t\t\n<div class=\"row align-middle align-center\"  id=\"row-945648223\">\n\n\t<div id=\"col-1654696674\" class=\"col medium-9 small-12 large-6\"  >\n\t\t\t\t<div class=\"col-inner text-center\"  >\n\t\t\t\n\t\t\t\n\t<div id=\"text-4177624023\" class=\"text\">\n\t\t\n<h3>Cont\u00e1ctenos<\/h3>\n<p><span class=\"color_11\" data-animate=\"fadeInUp\" data-animated=\"true\">contacto@global-reinsurance.com<br \/>\n+(593) 2 333 1852\u00a0<\/span><\/p>\n\t\t\n<style>\n#text-4177624023 {\n  text-align: left;\n}\n<\/style>\n\t<\/div>\n\t\n\t\t<\/div>\n\t\t\t\t\n<style>\n#col-1654696674 > .col-inner {\n  padding: 0px 0px 0px 0px;\n}\n@media (min-width:550px) {\n  #col-1654696674 > .col-inner {\n    padding: 40px 0px 0px 0px;\n  }\n}\n@media (min-width:850px) {\n  #col-1654696674 > .col-inner {\n    padding: 0px 10% 0px 5%;\n  }\n}\n<\/style>\n\t<\/div>\n\n\t\n\n\t<div id=\"col-1663732226\" class=\"col medium-12 small-12 large-6\"  >\n\t\t\t\t<div class=\"col-inner\"  >\n\t\t\t\n\t\t\t\n<div role=\"form\" class=\"wpcf7\" id=\"wpcf7-f9-o1\" lang=\"es-ES\" dir=\"ltr\">\n<div class=\"screen-reader-response\"><p role=\"status\" aria-live=\"polite\" aria-atomic=\"true\"><\/p> <ul><\/ul><\/div>\n<form action=\"\/es\/wp-json\/wp\/v2\/pages\/1076#wpcf7-f9-o1\" method=\"post\" class=\"wpcf7-form init\" novalidate=\"novalidate\" data-status=\"init\">\n<div style=\"display: none;\">\n<input type=\"hidden\" name=\"_wpcf7\" value=\"9\" \/>\n<input type=\"hidden\" name=\"_wpcf7_version\" value=\"5.4.2\" \/>\n<input type=\"hidden\" name=\"_wpcf7_locale\" value=\"es_ES\" \/>\n<input type=\"hidden\" name=\"_wpcf7_unit_tag\" value=\"wpcf7-f9-o1\" \/>\n<input type=\"hidden\" name=\"_wpcf7_container_post\" value=\"0\" \/>\n<input type=\"hidden\" name=\"_wpcf7_posted_data_hash\" value=\"\" \/>\n<\/div>\n<div class=\"form-flat\">\n<span class=\"wpcf7-form-control-wrap your-name\"><input type=\"text\" name=\"your-name\" value=\"\" size=\"40\" class=\"wpcf7-form-control wpcf7-text wpcf7-validates-as-required\" aria-required=\"true\" aria-invalid=\"false\" placeholder=\"Nombre (requerido)\" \/><\/span><\/p>\n<p><span class=\"wpcf7-form-control-wrap your-email\"><input type=\"email\" name=\"your-email\" value=\"\" size=\"40\" class=\"wpcf7-form-control wpcf7-text wpcf7-email wpcf7-validates-as-required wpcf7-validates-as-email\" aria-required=\"true\" aria-invalid=\"false\" placeholder=\"Email (requerido)\" \/><\/span> <\/p>\n<p><span class=\"wpcf7-form-control-wrap your-message\"><textarea name=\"your-message\" cols=\"40\" rows=\"10\" class=\"wpcf7-form-control wpcf7-textarea\" aria-invalid=\"false\" placeholder=\"Mensaje\"><\/textarea><\/span> <\/p>\n<p><input type=\"submit\" value=\"Enviar\" class=\"wpcf7-form-control wpcf7-submit button\" \/>\n<\/p><\/div>\n<div class=\"wpcf7-response-output\" aria-hidden=\"true\"><\/div><\/form><\/div>\n\t\t<\/div>\n\t\t\t\t\n<style>\n#col-1663732226 > .col-inner {\n  margin: 20px 0px 0px 0px;\n}\n<\/style>\n\t<\/div>\n\n\t\n<\/div>\n\t\t<\/div>\n\t\t\t\t\n<style>\n#col-1094997614 > .col-inner {\n  padding: 50px 30px 0px 30px;\n}\n@media (min-width:550px) {\n  #col-1094997614 > .col-inner {\n    padding: 30px 30px 0px 30px;\n  }\n}\n@media (min-width:850px) {\n  #col-1094997614 > .col-inner {\n    padding: 60px 60px 20px 60px;\n  }\n}\n<\/style>\n\t<\/div>\n\n\t\n\n<style>\n#row-474884561 > .col > .col-inner {\n  border-radius: 1px;\n}\n<\/style>\n<\/div>\n\t\t<\/div>\n\n\t\t\n<style>\n#section_987292360 {\n  padding-top: 50px;\n  padding-bottom: 50px;\n  min-height: 450px;\n}\n#section_987292360 .section-bg.bg-loaded {\n  background-image: url(https:\/\/global-reinsurance.com\/wp-content\/uploads\/2021\/08\/Golbal-Reinsurance-Broker-14.jpg);\n}\n<\/style>\n\t<\/section>\n\t\n","protected":false},"excerpt":{"rendered":"","protected":false},"author":1,"featured_media":0,"parent":1062,"menu_order":0,"comment_status":"closed","ping_status":"closed","template":"","meta":[],"_links":{"self":[{"href":"https:\/\/global-reinsurance.com\/es\/wp-json\/wp\/v2\/pages\/1076"}],"collection":[{"href":"https:\/\/global-reinsurance.com\/es\/wp-json\/wp\/v2\/pages"}],"about":[{"href":"https:\/\/global-reinsurance.com\/es\/wp-json\/wp\/v2\/types\/page"}],"author":[{"embeddable":true,"href":"https:\/\/global-reinsurance.com\/es\/wp-json\/wp\/v2\/users\/1"}],"replies":[{"embeddable":true,"href":"https:\/\/global-reinsurance.com\/es\/wp-json\/wp\/v2\/comments?post=1076"}],"version-history":[{"count":7,"href":"https:\/\/global-reinsurance.com\/es\/wp-json\/wp\/v2\/pages\/1076\/revisions"}],"predecessor-version":[{"id":1374,"href":"https:\/\/global-reinsurance.com\/es\/wp-json\/wp\/v2\/pages\/1076\/revisions\/1374"}],"up":[{"embeddable":true,"href":"https:\/\/global-reinsurance.com\/es\/wp-json\/wp\/v2\/pages\/1062"}],"wp:attachment":[{"href":"https:\/\/global-reinsurance.com\/es\/wp-json\/wp\/v2\/media?parent=1076"}],"curies":[{"name":"wp","href":"https:\/\/api.w.org\/{rel}","templated":true}]}}