{"id":1067,"date":"2021-11-24T06:01:31","date_gmt":"2021-11-24T06:01:31","guid":{"rendered":"https:\/\/global-reinsurance.com\/lineas-de-negocio\/lineas-financieras\/"},"modified":"2023-09-19T20:06:27","modified_gmt":"2023-09-19T20:06:27","slug":"lineas-financieras","status":"publish","type":"page","link":"https:\/\/global-reinsurance.com\/es\/lineas-de-negocio\/lineas-financieras\/","title":{"rendered":"L\u00cdNEAS FINANCIERAS"},"content":{"rendered":"\t<section class=\"section\" id=\"section_898376838\">\n\t\t<div class=\"bg section-bg fill bg-fill bg-loaded bg-loaded\" >\n\n\t\t\t\n\t\t\t\n\t\t\t\n\n\t\t<\/div>\n\n\t\t<div class=\"section-content relative\">\n\t\t\t\n\t<div id=\"gap-1479780209\" class=\"gap-element clearfix\" style=\"display:block; height:auto;\">\n\t\t\n<style>\n#gap-1479780209 {\n  padding-top: 30px;\n}\n<\/style>\n\t<\/div>\n\t\n<div class=\"row\"  id=\"row-1014314018\">\n\n\t<div id=\"col-1646038890\" class=\"col medium-12 small-12 large-8\"  data-animate=\"fadeInLeft\">\n\t\t\t\t<div class=\"col-inner\"  >\n\t\t\t\n\t\t\t\n\n  <div class=\"banner has-hover\" id=\"banner-1702674021\">\n          <div class=\"banner-inner fill\">\n        <div class=\"banner-bg fill\" >\n            <div class=\"bg fill bg-fill bg-loaded\"><\/div>\n                                    \n                    <\/div>\n        <div class=\"banner-layers container\">\n            <div class=\"fill banner-link\"><\/div>            \n        <\/div>\n      <\/div>\n\n            \n<style>\n#banner-1702674021 {\n  padding-top: 300px;\n  background-color: rgba(255, 255, 255, 0);\n}\n#banner-1702674021 .bg.bg-loaded {\n  background-image: url(https:\/\/global-reinsurance.com\/wp-content\/uploads\/2021\/08\/Golbal-Reinsurance-Broker-17.jpg);\n}\n@media (min-width:550px) {\n  #banner-1702674021 {\n    padding-top: 450px;\n  }\n}\n<\/style>\n  <\/div>\n\n\n\t\t<\/div>\n\t\t\t\t\t<\/div>\n\n\t\n<\/div>\n<div class=\"row align-right\"  id=\"row-271011728\">\n\n\t<div id=\"col-78282604\" class=\"col medium-12 small-12 large-6\"  data-animate=\"fadeInRight\">\n\t\t\t\t<div class=\"col-inner\" style=\"background-color:rgb(255, 255, 255);\" >\n\t\t\t\n\t\t\t\n<h2><span style=\"font-size: 150%;\">L\u00cdNEAS FINANCIERAS<\/span><\/h2>\n\t\t<\/div>\n\t\t\t\t\n<style>\n#col-78282604 > .col-inner {\n  padding: 7% 8% 5% 8%;\n  margin: -50px 0 0px 0px;\n}\n@media (min-width:550px) {\n  #col-78282604 > .col-inner {\n    padding: 6% 8% 5% 8%;\n  }\n}\n@media (min-width:850px) {\n  #col-78282604 > .col-inner {\n    padding: 18% 8% 15% 8%;\n    margin: -240px 0px 0px 0px;\n  }\n}\n<\/style>\n\t<\/div>\n\n\t\n<\/div>\n\t\t<\/div>\n\n\t\t\n<style>\n#section_898376838 {\n  padding-top: 30px;\n  padding-bottom: 30px;\n  background-color: rgb(245, 245, 245);\n}\n@media (min-width:550px) {\n  #section_898376838 {\n    padding-top: 50px;\n    padding-bottom: 50px;\n  }\n}\n<\/style>\n\t<\/section>\n\t\n\t<section class=\"section\" id=\"section_377600616\">\n\t\t<div class=\"bg section-bg fill bg-fill bg-loaded bg-loaded\" >\n\n\t\t\t\n\t\t\t\n\t\t\t\n\n\t\t<\/div>\n\n\t\t<div class=\"section-content relative\">\n\t\t\t\n<div class=\"row align-center\"  id=\"row-311750524\">\n\n\t<div id=\"col-2072830262\" class=\"col medium-7 small-12 large-7\"  data-animate=\"fadeInUp\">\n\t\t\t\t<div class=\"col-inner text-center\"  >\n\t\t\t\n\t\t\t\n\t<div id=\"text-1378180755\" class=\"text\">\n\t\t\n<ul>\n<li style=\"text-align: left;\"><span style=\"color: #00305b;\"><strong>P\u00f3liza Global Bancaria (BBB).<\/strong><\/span><\/li>\n<li style=\"text-align: left;\"><span style=\"color: #00305b;\"><strong>Crimen inform\u00e1tico.<\/strong><\/span><\/li>\n<li style=\"text-align: left;\"><span style=\"color: #00305b;\"><strong>Directores y Administradores (D&amp;O).<\/strong><\/span><\/li>\n<li style=\"text-align: left;\"><span style=\"color: #00305b;\"><strong>Responsabilidad civil profesional.<\/strong><\/span><\/li>\n<li style=\"text-align: left;\"><span style=\"color: #00305b;\"><strong>Riesgo cibern\u00e9tico.<\/strong><\/span><\/li>\n<li style=\"text-align: left;\"><span style=\"color: #00305b;\"><strong>P\u00f3liza de riesgos no financieros.<\/strong><\/span><\/li>\n<\/ul>\n\t\t\n<style>\n#text-1378180755 {\n  line-height: 2;\n}\n<\/style>\n\t<\/div>\n\t\n\t<div id=\"text-910496259\" class=\"text hidden\">\n\t\t\n<h2 style=\"text-align: left;\"><span style=\"font-size: 150%; color: #00305b;\">SOBRE EL SEGURO DE PROPIEDAD <span style=\"font-size: 95%;\"><br \/>\n<\/span><br \/>\n<\/span><\/h2>\n<ul>\n<li style=\"text-align: left;\"><span style=\"font-size: 100%; color: #00305b;\"><strong>Incendio todos los riesgos:<\/strong> Cubre los da\u00f1os a la propiedad causados \u200b\u200bpor la acci\u00f3n directa del fuego, calor, humo, vapor, o los medios utilizados para extinguir o contener el fuego, remoci\u00f3n de escombros, inhabilidad de la propiedad, explosi\u00f3n y da\u00f1o por rayo.<\/span><\/li>\n<li style=\"text-align: left;\"><span style=\"font-size: 100%; color: #00305b;\"><strong>Riesgos Catastr\u00f3ficos:<\/strong> Riesgos Catastr\u00f3ficos: Riesgo que tiene su origen en eventos extraordinarios e improbables pero que, por su magnitud, implican una gran cantidad de da\u00f1os ocasionados.<\/span><\/li>\n<li style=\"text-align: left;\"><span style=\"font-size: 100%; color: #00305b;\"><strong>P\u00e9rdida de Ingresos:<\/strong> Da\u00f1o de car\u00e1cter patrimonial. Consiste en el siniestro que pudiera tener el asegurador por una potencial lucro cesante por causas ajenas o ajenas cubiertas por la p\u00f3liza de da\u00f1os.<\/span><\/li>\n<li style=\"text-align: left;\"><span style=\"font-size: 100%; color: #00305b;\"><strong>Maquinaria &amp; Equipo: <\/strong> esta p\u00f3liza cubre maquinaria y equipo debido a todos los riesgos; los accidentes que se produzcan a pesar de un manejo adecuado, as\u00ed como los que se produzcan por descuido, inexperiencia o negligencia del conductor. Colisi\u00f3n de objetos fijos o m\u00f3viles, incendios, eventos de la naturaleza y todos los riesgos no excluidos.<\/span><\/li>\n<li style=\"text-align: left;\"><span style=\"color: #00305b; font-size: 100%;\"><strong>Equipos Electr\u00f3nicos:<\/strong>Incendio (con o sin llama), explosi\u00f3n de todo tipo, rayo directo, ca\u00edda de aeronaves tripuladas y no tripuladas. Da\u00f1os por tuber\u00edas, aguas de inundaci\u00f3n, inundaciones, desag\u00fces, deshielo y humedad.<\/span><\/li>\n<\/ul>\n\t\t\n<style>\n#text-910496259 {\n  line-height: 2;\n}\n<\/style>\n\t<\/div>\n\t\n\t\t<\/div>\n\t\t\t\t\t<\/div>\n\n\t\n<\/div>\n\t\t<\/div>\n\n\t\t\n<style>\n#section_377600616 {\n  padding-top: 30px;\n  padding-bottom: 30px;\n  min-height: 300px;\n  background-color: rgb(245, 245, 245);\n}\n<\/style>\n\t<\/section>\n\t\n\t<section class=\"section\" id=\"section_1592301463\">\n\t\t<div class=\"bg section-bg fill bg-fill bg-loaded \" >\n\n\t\t\t\n\t\t\t\n\t\t\t\n\n\t\t<\/div>\n\n\t\t<div class=\"section-content relative\">\n\t\t\t\n\t<div id=\"gap-1160273038\" class=\"gap-element clearfix\" style=\"display:block; height:auto;\">\n\t\t\n<style>\n#gap-1160273038 {\n  padding-top: 30px;\n}\n<\/style>\n\t<\/div>\n\t\n<div class=\"row\"  id=\"row-685693211\">\n\n\t<div id=\"col-625060390\" class=\"col small-12 large-12\"  data-animate=\"blurIn\">\n\t\t\t\t<div class=\"col-inner\" style=\"background-color:rgba(255, 255, 255, 0.93);\" >\n\t\t\t\n\t\t\t\n<div class=\"row align-middle align-center\"  id=\"row-2049873332\">\n\n\t<div id=\"col-1953812554\" class=\"col medium-9 small-12 large-6\"  >\n\t\t\t\t<div class=\"col-inner text-center\"  >\n\t\t\t\n\t\t\t\n\t<div id=\"text-2319977260\" class=\"text\">\n\t\t\n<h3>Cont\u00e1ctenos<\/h3>\n<p><span class=\"color_11\" style=\"font-size: 100%;\" data-animate=\"fadeInUp\"><a href=\"mailto:mtoalombo@global-reinsurance.com\" data-auto-recognition=\"true\">contacto@global-reinsurance.com<\/a><br \/>\n+(593) 2 333 1852\u00a0<\/span><\/p>\n\t\t\n<style>\n#text-2319977260 {\n  text-align: left;\n}\n<\/style>\n\t<\/div>\n\t\n\t\t<\/div>\n\t\t\t\t\n<style>\n#col-1953812554 > .col-inner {\n  padding: 0px 0px 0px 0px;\n}\n@media (min-width:550px) {\n  #col-1953812554 > .col-inner {\n    padding: 40px 0px 0px 0px;\n  }\n}\n@media (min-width:850px) {\n  #col-1953812554 > .col-inner {\n    padding: 0px 10% 0px 5%;\n  }\n}\n<\/style>\n\t<\/div>\n\n\t\n\n\t<div id=\"col-1870448014\" class=\"col medium-12 small-12 large-6\"  >\n\t\t\t\t<div class=\"col-inner\"  >\n\t\t\t\n\t\t\t\n<div role=\"form\" class=\"wpcf7\" id=\"wpcf7-f9-o1\" lang=\"es-ES\" dir=\"ltr\">\n<div class=\"screen-reader-response\"><p role=\"status\" aria-live=\"polite\" aria-atomic=\"true\"><\/p> <ul><\/ul><\/div>\n<form action=\"\/es\/wp-json\/wp\/v2\/pages\/1067#wpcf7-f9-o1\" method=\"post\" class=\"wpcf7-form init\" novalidate=\"novalidate\" data-status=\"init\">\n<div style=\"display: none;\">\n<input type=\"hidden\" name=\"_wpcf7\" value=\"9\" \/>\n<input type=\"hidden\" name=\"_wpcf7_version\" value=\"5.4.2\" \/>\n<input type=\"hidden\" name=\"_wpcf7_locale\" value=\"es_ES\" \/>\n<input type=\"hidden\" name=\"_wpcf7_unit_tag\" value=\"wpcf7-f9-o1\" \/>\n<input type=\"hidden\" name=\"_wpcf7_container_post\" value=\"0\" \/>\n<input type=\"hidden\" name=\"_wpcf7_posted_data_hash\" value=\"\" \/>\n<\/div>\n<div class=\"form-flat\">\n<span class=\"wpcf7-form-control-wrap your-name\"><input type=\"text\" name=\"your-name\" value=\"\" size=\"40\" class=\"wpcf7-form-control wpcf7-text wpcf7-validates-as-required\" aria-required=\"true\" aria-invalid=\"false\" placeholder=\"Nombre (requerido)\" \/><\/span><\/p>\n<p><span class=\"wpcf7-form-control-wrap your-email\"><input type=\"email\" name=\"your-email\" value=\"\" size=\"40\" class=\"wpcf7-form-control wpcf7-text wpcf7-email wpcf7-validates-as-required wpcf7-validates-as-email\" aria-required=\"true\" aria-invalid=\"false\" placeholder=\"Email (requerido)\" \/><\/span> <\/p>\n<p><span class=\"wpcf7-form-control-wrap your-message\"><textarea name=\"your-message\" cols=\"40\" rows=\"10\" class=\"wpcf7-form-control wpcf7-textarea\" aria-invalid=\"false\" placeholder=\"Mensaje\"><\/textarea><\/span> <\/p>\n<p><input type=\"submit\" value=\"Enviar\" class=\"wpcf7-form-control wpcf7-submit button\" \/>\n<\/p><\/div>\n<div class=\"wpcf7-response-output\" aria-hidden=\"true\"><\/div><\/form><\/div>\n\t\t<\/div>\n\t\t\t\t\n<style>\n#col-1870448014 > .col-inner {\n  margin: 20px 0px 0px 0px;\n}\n<\/style>\n\t<\/div>\n\n\t\n<\/div>\n\t\t<\/div>\n\t\t\t\t\n<style>\n#col-625060390 > .col-inner {\n  padding: 50px 30px 0px 30px;\n}\n@media (min-width:550px) {\n  #col-625060390 > .col-inner {\n    padding: 30px 30px 0px 30px;\n  }\n}\n@media (min-width:850px) {\n  #col-625060390 > .col-inner {\n    padding: 60px 60px 20px 60px;\n  }\n}\n<\/style>\n\t<\/div>\n\n\t\n\n<style>\n#row-685693211 > .col > .col-inner {\n  border-radius: 1px;\n}\n<\/style>\n<\/div>\n\t\t<\/div>\n\n\t\t\n<style>\n#section_1592301463 {\n  padding-top: 50px;\n  padding-bottom: 50px;\n  min-height: 450px;\n}\n#section_1592301463 .section-bg.bg-loaded {\n  background-image: url(https:\/\/global-reinsurance.com\/wp-content\/uploads\/2021\/08\/Golbal-Reinsurance-Broker-14.jpg);\n}\n<\/style>\n\t<\/section>\n\t\n\n\n","protected":false},"excerpt":{"rendered":"","protected":false},"author":1,"featured_media":0,"parent":1062,"menu_order":0,"comment_status":"closed","ping_status":"closed","template":"","meta":[],"_links":{"self":[{"href":"https:\/\/global-reinsurance.com\/es\/wp-json\/wp\/v2\/pages\/1067"}],"collection":[{"href":"https:\/\/global-reinsurance.com\/es\/wp-json\/wp\/v2\/pages"}],"about":[{"href":"https:\/\/global-reinsurance.com\/es\/wp-json\/wp\/v2\/types\/page"}],"author":[{"embeddable":true,"href":"https:\/\/global-reinsurance.com\/es\/wp-json\/wp\/v2\/users\/1"}],"replies":[{"embeddable":true,"href":"https:\/\/global-reinsurance.com\/es\/wp-json\/wp\/v2\/comments?post=1067"}],"version-history":[{"count":6,"href":"https:\/\/global-reinsurance.com\/es\/wp-json\/wp\/v2\/pages\/1067\/revisions"}],"predecessor-version":[{"id":1371,"href":"https:\/\/global-reinsurance.com\/es\/wp-json\/wp\/v2\/pages\/1067\/revisions\/1371"}],"up":[{"embeddable":true,"href":"https:\/\/global-reinsurance.com\/es\/wp-json\/wp\/v2\/pages\/1062"}],"wp:attachment":[{"href":"https:\/\/global-reinsurance.com\/es\/wp-json\/wp\/v2\/media?parent=1067"}],"curies":[{"name":"wp","href":"https:\/\/api.w.org\/{rel}","templated":true}]}}