{"id":1059,"date":"2021-11-24T04:37:13","date_gmt":"2021-11-24T04:37:13","guid":{"rendered":"https:\/\/global-reinsurance.com\/nosotros\/"},"modified":"2022-03-21T17:54:27","modified_gmt":"2022-03-21T17:54:27","slug":"nosotros","status":"publish","type":"page","link":"https:\/\/global-reinsurance.com\/es\/nosotros\/","title":{"rendered":"NOSOTROS"},"content":{"rendered":"\t<section class=\"section\" id=\"section_1554977306\">\n\t\t<div class=\"bg section-bg fill bg-fill bg-loaded bg-loaded\" >\n\n\t\t\t\n\t\t\t\n\t\t\t\n\n\t\t<\/div>\n\n\t\t<div class=\"section-content relative\">\n\t\t\t\n<div class=\"row row-collapse row-full-width\"  id=\"row-1630491951\">\n\n\t<div id=\"col-1127670135\" class=\"col medium-6 small-12 large-8\"  >\n\t\t\t\t<div class=\"col-inner\"  >\n\t\t\t\n\t\t\t\n\n  <div class=\"banner has-hover is-full-height has-parallax\" id=\"banner-520994078\">\n          <div class=\"banner-inner fill\">\n        <div class=\"banner-bg fill\" data-parallax=\"-8\" data-parallax-container=\".banner\" data-parallax-background>\n            <div class=\"bg fill bg-fill bg-loaded\"><\/div>\n                                    \n                    <\/div>\n        <div class=\"banner-layers container\">\n            <div class=\"fill banner-link\"><\/div>            \n        <\/div>\n      <\/div>\n\n            \n<style>\n#banner-520994078 {\n  padding-top: 100%;\n  background-color: rgb(0, 0, 0);\n}\n#banner-520994078 .bg.bg-loaded {\n  background-image: url(https:\/\/global-reinsurance.com\/wp-content\/uploads\/2021\/09\/lycs-architecture-aKij95Mmus8-unsplash-scaled.jpg);\n}\n#banner-520994078 .bg {\n  background-position: 60% 65%;\n}\n<\/style>\n  <\/div>\n\n\n\t\t<\/div>\n\t\t\t\t\t<\/div>\n\n\t\n\n\t<div id=\"col-936218866\" class=\"col medium-6 small-12 large-4\"  >\n\t\t\t\t<div class=\"col-inner\"  >\n\t\t\t\n\t\t\t\n<span class=\"scroll-to\" data-label=\"Scroll to: #about-us\" data-bullet=\"true\" data-link=\"#about-us\" data-title=\"Nosotros\"><a name=\"about-us\"><\/a><\/span>\n\n  <div class=\"banner has-hover is-full-height\" id=\"banner-1772713702\">\n          <div class=\"banner-inner fill\">\n        <div class=\"banner-bg fill\" >\n            <div class=\"bg fill bg-fill bg-loaded\"><\/div>\n                                    \n                    <\/div>\n        <div class=\"banner-layers container\">\n            <div class=\"fill banner-link\"><\/div>            \n   <div id=\"text-box-1470924151\" class=\"text-box banner-layer x50 md-x50 lg-x50 y50 md-y50 lg-y50 res-text\">\n                     <div data-animate=\"blurIn\">           <div class=\"text-box-content text dark\">\n              \n              <div class=\"text-inner text-left\">\n                  \n\t<div id=\"text-505730693\" class=\"text\">\n\t\t\n<div id=\"comp-kqsei807\" class=\"_1Q9if\" data-testid=\"richTextElement\" data-angle=\"0\" data-angle-style-location=\"style\" data-screen-in-hide=\"done\">\n<h2 class=\"font_2\" style=\"text-align: justify;\"><span style=\"font-size: 90%;\">Nosotros<\/span><\/h2>\n<\/div>\n<div id=\"comp-kqsei80j\" class=\"_1Q9if\" data-testid=\"richTextElement\" data-angle=\"0\" data-angle-style-location=\"style\" data-screen-in-hide=\"done\">\n<p class=\"font_8\" style=\"text-align: justify;\"><span class=\"color_11\"><br \/>\n<\/span><span style=\"font-size: 90%;\">Global Reinsurance broker Inc. es una empresa transnacional con 12 a\u00f1os en el mercado internacional de reaseguros, actualmente tenemos operaciones en 6 pa\u00edses de Am\u00e9rica, formamos parte de un grupo econ\u00f3mico de reconocida trayectoria y solvencia financiera de m\u00e1s de 29 a\u00f1os.<\/span><\/p>\n<p style=\"text-align: justify;\"><span style=\"font-size: 90%;\">Contamos con el apoyo de reaseguradores locales e internacionales de primer nivel lo que nos ha permitido posicionarnos como uno de los mayores brokers de reaseguros de la regi\u00f3n.<\/span><\/p>\n<p style=\"text-align: justify;\"><span style=\"font-size: 90%;\">Nuestro back office cuenta con un equipo de varios profesionales con a\u00f1os de experiencia en el mercado de seguros y reaseguros, generando absoluta confianza a nuestros clientes a la hora de colocar y gestionar sus riesgos.\u00a0 Empresa socialmente responsable.<\/span><\/p>\n<\/div>\n\t\t\n<style>\n#text-505730693 {\n  font-size: 1rem;\n}\n<\/style>\n\t<\/div>\n\t\n\t<div id=\"gap-1068779657\" class=\"gap-element clearfix\" style=\"display:block; height:auto;\">\n\t\t\n<style>\n#gap-1068779657 {\n  padding-top: 15px;\n}\n<\/style>\n\t<\/div>\n\t\n<a data-animate=\"fadeInUp\" href=\"https:\/\/global-reinsurance.com\/es\/lineas-de-negocio\/\" target=\"_self\" class=\"button white is-outline lowercase\"  >\n    <span>L\u00edneas de Negocio<\/span>\n  <\/a>\n\n              <\/div>\n           <\/div>\n       <\/div>                     \n<style>\n#text-box-1470924151 {\n  width: 80%;\n}\n#text-box-1470924151 .text-box-content {\n  font-size: 200%;\n}\n<\/style>\n    <\/div>\n \n        <\/div>\n      <\/div>\n\n            \n<style>\n#banner-1772713702 {\n  padding-top: 230%;\n  background-color: rgb(1, 13, 23);\n}\n@media (min-width:550px) {\n  #banner-1772713702 {\n    padding-top: 100%;\n  }\n}\n<\/style>\n  <\/div>\n\n\n\t\t<\/div>\n\t\t\t\t\t<\/div>\n\n\t\n<\/div>\n\t\t<\/div>\n\n\t\t\n<style>\n#section_1554977306 {\n  padding-top: 0px;\n  padding-bottom: 0px;\n}\n<\/style>\n\t<\/section>\n\t\n\t<section class=\"section\" id=\"section_1916028967\">\n\t\t<div class=\"bg section-bg fill bg-fill bg-loaded bg-loaded\" >\n\n\t\t\t\n\t\t\t\n\t\t\t\n\n\t\t<\/div>\n\n\t\t<div class=\"section-content relative\">\n\t\t\t\n<div class=\"row row-collapse row-full-width\"  id=\"row-1506101408\">\n\n\t<div id=\"col-854718452\" class=\"col medium-6 small-12 large-8\"  >\n\t\t\t\t<div class=\"col-inner\"  >\n\t\t\t\n\t\t\t\n\n  <div class=\"banner has-hover is-full-height has-parallax\" id=\"banner-1253278401\">\n          <div class=\"banner-inner fill\">\n        <div class=\"banner-bg fill\" data-parallax=\"-8\" data-parallax-container=\".banner\" data-parallax-background>\n            <div class=\"bg fill bg-fill bg-loaded\"><\/div>\n                                    \n                    <\/div>\n        <div class=\"banner-layers container\">\n            <div class=\"fill banner-link\"><\/div>            \n        <\/div>\n      <\/div>\n\n            \n<style>\n#banner-1253278401 {\n  padding-top: 100%;\n  background-color: rgb(0,0,0);\n}\n#banner-1253278401 .bg.bg-loaded {\n  background-image: url(https:\/\/global-reinsurance.com\/wp-content\/uploads\/2021\/09\/Golbal-Reinsurance-Broker-38-scaled.jpg);\n}\n#banner-1253278401 .bg {\n  background-position: 60% 65%;\n}\n<\/style>\n  <\/div>\n\n\n\t\t<\/div>\n\t\t\t\t\t<\/div>\n\n\t\n\n\t<div id=\"col-1280630198\" class=\"col medium-6 small-12 large-4\"  >\n\t\t\t\t<div class=\"col-inner\"  >\n\t\t\t\n\t\t\t\n<span class=\"scroll-to\" data-label=\"Scroll to: #mision\" data-bullet=\"true\" data-link=\"#mision\" data-title=\"Misi\u00f3n\"><a name=\"mision\"><\/a><\/span>\n\n  <div class=\"banner has-hover is-full-height\" id=\"banner-1591129066\">\n          <div class=\"banner-inner fill\">\n        <div class=\"banner-bg fill\" >\n            <div class=\"bg fill bg-fill bg-loaded\"><\/div>\n                                    \n                    <\/div>\n        <div class=\"banner-layers container\">\n            <div class=\"fill banner-link\"><\/div>            \n   <div id=\"text-box-1930466501\" class=\"text-box banner-layer x50 md-x50 lg-x50 y50 md-y50 lg-y50 res-text\">\n                     <div data-animate=\"blurIn\">           <div class=\"text-box-content text dark\">\n              \n              <div class=\"text-inner text-left\">\n                  \n\t<div id=\"text-4256828950\" class=\"text\">\n\t\t\n<div id=\"comp-kqsei807\" class=\"_1Q9if\" data-testid=\"richTextElement\" data-angle=\"0\" data-angle-style-location=\"style\" data-screen-in-hide=\"done\">\n<div id=\"comp-kqsh4b4a1\" class=\"_1Q9if\" data-testid=\"richTextElement\" data-angle=\"0\" data-angle-style-location=\"style\" data-screen-in-hide=\"done\">\n<h2 class=\"font_2\" style=\"text-align: justify;\"><span style=\"font-size: 90%;\">Misi\u00f3n<\/span><\/h2>\n<\/div>\n<div id=\"comp-kqsh4b4x\" class=\"_1Q9if\" data-testid=\"richTextElement\" data-angle=\"0\" data-angle-style-location=\"style\" data-screen-in-hide=\"done\">\n<p class=\"font_8\" style=\"text-align: justify;\"><span style=\"font-size: 90%;\"><br \/>\nSer ejecutores de soluciones integrales para nuestros clientes, brind\u00e1ndoles un servicio de calidad que genere lealtad y confianza al trabajar con nosotros tanto en el mercado nacional como internacional.<\/span><\/p>\n<\/div>\n<\/div>\n\t\t\n<style>\n#text-4256828950 {\n  font-size: 1rem;\n}\n<\/style>\n\t<\/div>\n\t\n\t<div id=\"gap-1002987430\" class=\"gap-element clearfix\" style=\"display:block; height:auto;\">\n\t\t\n<style>\n#gap-1002987430 {\n  padding-top: 15px;\n}\n<\/style>\n\t<\/div>\n\t\n<a data-animate=\"fadeInUp\" href=\"https:\/\/global-reinsurance.com\/es\/mercados\/\" target=\"_self\" class=\"button white is-outline lowercase\"  >\n    <span>Presencia del Mercado<\/span>\n  <\/a>\n\n              <\/div>\n           <\/div>\n       <\/div>                     \n<style>\n#text-box-1930466501 {\n  width: 70%;\n}\n#text-box-1930466501 .text-box-content {\n  font-size: 200%;\n}\n<\/style>\n    <\/div>\n \n        <\/div>\n      <\/div>\n\n            \n<style>\n#banner-1591129066 {\n  padding-top: 100%;\n  background-color: rgb(1, 18, 33);\n}\n<\/style>\n  <\/div>\n\n\n\t\t<\/div>\n\t\t\t\t\t<\/div>\n\n\t\n<\/div>\n\t\t<\/div>\n\n\t\t\n<style>\n#section_1916028967 {\n  padding-top: 0px;\n  padding-bottom: 0px;\n}\n<\/style>\n\t<\/section>\n\t\n\t<section class=\"section\" id=\"section_1409973494\">\n\t\t<div class=\"bg section-bg fill bg-fill bg-loaded bg-loaded\" >\n\n\t\t\t\n\t\t\t\n\t\t\t\n\n\t\t<\/div>\n\n\t\t<div class=\"section-content relative\">\n\t\t\t\n<div class=\"row row-collapse row-full-width\"  id=\"row-1855731350\">\n\n\t<div id=\"col-1142333313\" class=\"col medium-6 small-12 large-8\"  >\n\t\t\t\t<div class=\"col-inner\"  >\n\t\t\t\n\t\t\t\n\n  <div class=\"banner has-hover is-full-height has-parallax\" id=\"banner-1099506570\">\n          <div class=\"banner-inner fill\">\n        <div class=\"banner-bg fill\" data-parallax=\"-8\" data-parallax-container=\".banner\" data-parallax-background>\n            <div class=\"bg fill bg-fill bg-loaded\"><\/div>\n                                    \n                    <\/div>\n        <div class=\"banner-layers container\">\n            <div class=\"fill banner-link\"><\/div>            \n        <\/div>\n      <\/div>\n\n            \n<style>\n#banner-1099506570 {\n  padding-top: 100%;\n  background-color: rgb(0,0,0);\n}\n#banner-1099506570 .bg.bg-loaded {\n  background-image: url(https:\/\/global-reinsurance.com\/wp-content\/uploads\/2021\/08\/Golbal-Reinsurance-Broker-35.jpg);\n}\n#banner-1099506570 .bg {\n  background-position: 60% 65%;\n}\n<\/style>\n  <\/div>\n\n\n\t\t<\/div>\n\t\t\t\t\t<\/div>\n\n\t\n\n\t<div id=\"col-1240323253\" class=\"col medium-6 small-12 large-4\"  >\n\t\t\t\t<div class=\"col-inner\"  >\n\t\t\t\n\t\t\t\n<span class=\"scroll-to\" data-label=\"Scroll to: #vision\" data-bullet=\"true\" data-link=\"#vision\" data-title=\"Visi\u00f3n\"><a name=\"vision\"><\/a><\/span>\n\n  <div class=\"banner has-hover is-full-height\" id=\"banner-1984980889\">\n          <div class=\"banner-inner fill\">\n        <div class=\"banner-bg fill\" >\n            <div class=\"bg fill bg-fill bg-loaded\"><\/div>\n                                    \n                    <\/div>\n        <div class=\"banner-layers container\">\n            <div class=\"fill banner-link\"><\/div>            \n   <div id=\"text-box-1774748529\" class=\"text-box banner-layer x50 md-x50 lg-x50 y50 md-y50 lg-y50 res-text\">\n                     <div data-animate=\"blurIn\">           <div class=\"text-box-content text dark\">\n              \n              <div class=\"text-inner text-left\">\n                  \n\t<div id=\"text-872262963\" class=\"text\">\n\t\t\n<div id=\"comp-kqsei807\" class=\"_1Q9if\" data-testid=\"richTextElement\" data-angle=\"0\" data-angle-style-location=\"style\" data-screen-in-hide=\"done\">\n<div id=\"comp-kqsh4b4a1\" class=\"_1Q9if\" data-testid=\"richTextElement\" data-angle=\"0\" data-angle-style-location=\"style\" data-screen-in-hide=\"done\">\n<h2 class=\"font_2\" style=\"text-align: justify;\"><span style=\"font-size: 90%;\">Visi\u00f3n<\/span><\/h2>\n<\/div>\n<div id=\"comp-kqsh4b4x\" class=\"_1Q9if\" data-testid=\"richTextElement\" data-angle=\"0\" data-angle-style-location=\"style\" data-screen-in-hide=\"done\">\n<p class=\"font_8\" style=\"text-align: justify;\"><span style=\"font-size: 90%;\"><br \/>\nNuestra visi\u00f3n es posicionarnos en los pr\u00f3ximos 3 a\u00f1os como uno de los principales brokers de reaseguros en Centroam\u00e9rica y Latinoam\u00e9rica, logrando al mismo tiempo el reconocimiento internacional.<\/span><\/p>\n<\/div>\n<\/div>\n\t\t\n<style>\n#text-872262963 {\n  font-size: 1rem;\n}\n<\/style>\n\t<\/div>\n\t\n\t<div id=\"gap-1571168864\" class=\"gap-element clearfix\" style=\"display:block; height:auto;\">\n\t\t\n<style>\n#gap-1571168864 {\n  padding-top: 15px;\n}\n<\/style>\n\t<\/div>\n\t\n<a data-animate=\"fadeInUp\" href=\"https:\/\/global-reinsurance.com\/es\/contacto\/\" target=\"_self\" class=\"button white is-outline lowercase\"  >\n    <span>Contacto<\/span>\n  <\/a>\n\n              <\/div>\n           <\/div>\n       <\/div>                     \n<style>\n#text-box-1774748529 {\n  width: 70%;\n}\n#text-box-1774748529 .text-box-content {\n  font-size: 200%;\n}\n<\/style>\n    <\/div>\n \n        <\/div>\n      <\/div>\n\n            \n<style>\n#banner-1984980889 {\n  padding-top: 100%;\n  background-color: rgb(1, 13, 23);\n}\n<\/style>\n  <\/div>\n\n\n\t\t<\/div>\n\t\t\t\t\t<\/div>\n\n\t\n<\/div>\n\t\t<\/div>\n\n\t\t\n<style>\n#section_1409973494 {\n  padding-top: 0px;\n  padding-bottom: 0px;\n}\n<\/style>\n\t<\/section>\n\t\n","protected":false},"excerpt":{"rendered":"","protected":false},"author":1,"featured_media":0,"parent":0,"menu_order":0,"comment_status":"closed","ping_status":"closed","template":"","meta":[],"_links":{"self":[{"href":"https:\/\/global-reinsurance.com\/es\/wp-json\/wp\/v2\/pages\/1059"}],"collection":[{"href":"https:\/\/global-reinsurance.com\/es\/wp-json\/wp\/v2\/pages"}],"about":[{"href":"https:\/\/global-reinsurance.com\/es\/wp-json\/wp\/v2\/types\/page"}],"author":[{"embeddable":true,"href":"https:\/\/global-reinsurance.com\/es\/wp-json\/wp\/v2\/users\/1"}],"replies":[{"embeddable":true,"href":"https:\/\/global-reinsurance.com\/es\/wp-json\/wp\/v2\/comments?post=1059"}],"version-history":[{"count":9,"href":"https:\/\/global-reinsurance.com\/es\/wp-json\/wp\/v2\/pages\/1059\/revisions"}],"predecessor-version":[{"id":1299,"href":"https:\/\/global-reinsurance.com\/es\/wp-json\/wp\/v2\/pages\/1059\/revisions\/1299"}],"wp:attachment":[{"href":"https:\/\/global-reinsurance.com\/es\/wp-json\/wp\/v2\/media?parent=1059"}],"curies":[{"name":"wp","href":"https:\/\/api.w.org\/{rel}","templated":true}]}}